{"id":1153,"date":"2017-08-07T17:34:52","date_gmt":"2017-08-07T17:34:52","guid":{"rendered":"https:\/\/georganicmethod.com\/hu\/?page_id=1153"},"modified":"2023-08-15T14:57:52","modified_gmt":"2023-08-15T14:57:52","slug":"szemelyi-edzes","status":"publish","type":"page","link":"https:\/\/georganicmethod.com\/hu\/szemelyi-edzes\/","title":{"rendered":"Szem\u00e9lyi edz\u00e9s"},"content":{"rendered":"<p>[et_pb_section fb_built=&#8221;1&#8243; fullwidth=&#8221;on&#8221; _builder_version=&#8221;3.22&#8243;][et_pb_fullwidth_header title=&#8221;Szem\u00e9lyi edz\u00e9s&#8221; text_orientation=&#8221;center&#8221; header_fullscreen=&#8221;on&#8221; header_scroll_down=&#8221;on&#8221; scroll_down_icon=&#8221;%%1%%&#8221; background_overlay_color=&#8221;rgba(25,2,30,0.5)&#8221; content_max_width=&#8221;none&#8221; module_class=&#8221;et-waypoint et_pb_animation_bottom&#8221; _builder_version=&#8221;4.9.4&#8243; background_color=&#8221;rgba(255, 255, 255, 0)&#8221; background_image=&#8221;https:\/\/georganicmethod.com\/hu\/wp-content\/uploads\/2023\/08\/sport-modell-header-1.jpg&#8221; parallax=&#8221;on&#8221; parallax_method=&#8221;on&#8221; button_one_letter_spacing_hover=&#8221;0&#8243; button_two_letter_spacing_hover=&#8221;0&#8243; button_one_text_size__hover_enabled=&#8221;off&#8221; button_two_text_size__hover_enabled=&#8221;off&#8221; button_one_text_color__hover_enabled=&#8221;off&#8221; button_two_text_color__hover_enabled=&#8221;off&#8221; button_one_border_width__hover_enabled=&#8221;off&#8221; button_two_border_width__hover_enabled=&#8221;off&#8221; button_one_border_color__hover_enabled=&#8221;off&#8221; button_two_border_color__hover_enabled=&#8221;off&#8221; button_one_border_radius__hover_enabled=&#8221;off&#8221; button_two_border_radius__hover_enabled=&#8221;off&#8221; button_one_letter_spacing__hover_enabled=&#8221;on&#8221; button_one_letter_spacing__hover=&#8221;0&#8243; button_two_letter_spacing__hover_enabled=&#8221;on&#8221; button_two_letter_spacing__hover=&#8221;0&#8243; button_one_bg_color__hover_enabled=&#8221;off&#8221; button_two_bg_color__hover_enabled=&#8221;off&#8221;][\/et_pb_fullwidth_header][\/et_pb_section][et_pb_section fb_built=&#8221;1&#8243; module_class=&#8221;gm-section&#8221; _builder_version=&#8221;3.22&#8243;][et_pb_row make_equal=&#8221;on&#8221; module_class=&#8221;gm-row small-container&#8221; _builder_version=&#8221;3.25&#8243;][et_pb_column type=&#8221;4_4&#8243; _builder_version=&#8221;3.25&#8243; background_position=&#8221;top_left&#8221; custom_padding=&#8221;|||&#8221; custom_padding__hover=&#8221;|||&#8221;][et_pb_text admin_label=&#8221;szem\u00e9lyi edz\u00e9s (sz\u00f6veg)&#8221; module_class=&#8221;section-title et-waypoint et_pb_animation_bottom gm-personal-training-info&#8221; _builder_version=&#8221;4.9.4&#8243; text_orientation=&#8221;center&#8221; module_alignment=&#8221;center&#8221; hover_enabled=&#8221;0&#8243; border_style=&#8221;solid&#8221; sticky_enabled=&#8221;0&#8243;]<\/p>\n<p>Szem\u00e9lyi edz\u00e9s a k\u00f6vetkez\u0151 luxus edz\u0151termekben \u00e9rhet\u0151 el Georgin\u00e1val:<\/p>\n<p>Matild Palace, Luxury Collection Hotel &#8211; Budapest (<a href=\"https:\/\/www.google.hu\/maps\/place\/Swan+Spa\/@47.4922293,19.0516283,17z\/data=!3m1!4b1!4m5!3m4!1s0x4741ddeb983a29d7:0x25896ff891a5dde7!8m2!3d47.4922293!4d19.0538116\" target=\"_blank\" rel=\"noopener\">t\u00e9rk\u00e9p<\/a>)<\/p>\n<p><span style=\"text-decoration: line-through;\">Marriott Fitness &#8211; Budapest<\/span><\/p>\n<p><span style=\"text-decoration: line-through;\">Fitness &amp; Health Club by Marriott Budapest<\/span> (<a href=\"https:\/\/goo.gl\/maps\/QMacMKCueSK2\" target=\"_blank\" rel=\"noopener\">t\u00e9rk\u00e9p<\/a>)<\/p>\n<p>Kempinski The Spa &#8211; Budapest (<a href=\"https:\/\/goo.gl\/maps\/7t9F8n9HMPH2\" target=\"_blank\" rel=\"noopener\">t\u00e9rk\u00e9p<\/a>)<\/p>\n<p>Harmony Spa \u2013 Aria Hotel Budapest (<a href=\"https:\/\/goo.gl\/maps\/wbZXDtqg2rr\" target=\"_blank\" rel=\"noopener\">t\u00e9rk\u00e9p<\/a>)<\/p>\n<p><a href=\"https:\/\/georganicmethod.com\/hu\/kapcsolat\/\">Jelentkezz itt<\/a>.<\/p>\n<p>[\/et_pb_text][\/et_pb_column][\/et_pb_row][\/et_pb_section]<\/p>\n<span class=\"et_bloom_bottom_trigger\"><\/span>","protected":false},"excerpt":{"rendered":"<p>[et_pb_section fb_built=&#8221;1&#8243; fullwidth=&#8221;on&#8221; _builder_version=&#8221;3.22&#8243;][et_pb_fullwidth_header title=&#8221;Szem\u00e9lyi edz\u00e9s&#8221; text_orientation=&#8221;center&#8221; header_fullscreen=&#8221;on&#8221; header_scroll_down=&#8221;on&#8221; scroll_down_icon=&#8221;%%1%%&#8221; background_overlay_color=&#8221;rgba(25,2,30,0.5)&#8221; content_max_width=&#8221;none&#8221; module_class=&#8221;et-waypoint et_pb_animation_bottom&#8221; _builder_version=&#8221;4.9.4&#8243; background_color=&#8221;rgba(255, 255, 255, 0)&#8221; background_image=&#8221;https:\/\/georganicmethod.com\/hu\/wp-content\/uploads\/2023\/08\/sport-modell-header-1.jpg&#8221; parallax=&#8221;on&#8221; parallax_method=&#8221;on&#8221; button_one_letter_spacing_hover=&#8221;0&#8243; button_two_letter_spacing_hover=&#8221;0&#8243; button_one_text_size__hover_enabled=&#8221;off&#8221; button_two_text_size__hover_enabled=&#8221;off&#8221; button_one_text_color__hover_enabled=&#8221;off&#8221; button_two_text_color__hover_enabled=&#8221;off&#8221; button_one_border_width__hover_enabled=&#8221;off&#8221; button_two_border_width__hover_enabled=&#8221;off&#8221; button_one_border_color__hover_enabled=&#8221;off&#8221; button_two_border_color__hover_enabled=&#8221;off&#8221; button_one_border_radius__hover_enabled=&#8221;off&#8221; button_two_border_radius__hover_enabled=&#8221;off&#8221; button_one_letter_spacing__hover_enabled=&#8221;on&#8221; button_one_letter_spacing__hover=&#8221;0&#8243; button_two_letter_spacing__hover_enabled=&#8221;on&#8221; button_two_letter_spacing__hover=&#8221;0&#8243; button_one_bg_color__hover_enabled=&#8221;off&#8221; button_two_bg_color__hover_enabled=&#8221;off&#8221;][\/et_pb_fullwidth_header][\/et_pb_section][et_pb_section fb_built=&#8221;1&#8243; module_class=&#8221;gm-section&#8221; _builder_version=&#8221;3.22&#8243;][et_pb_row make_equal=&#8221;on&#8221; module_class=&#8221;gm-row small-container&#8221; _builder_version=&#8221;3.25&#8243;][et_pb_column type=&#8221;4_4&#8243; _builder_version=&#8221;3.25&#8243; background_position=&#8221;top_left&#8221; custom_padding=&#8221;|||&#8221; custom_padding__hover=&#8221;|||&#8221;][et_pb_text admin_label=&#8221;szem\u00e9lyi edz\u00e9s (sz\u00f6veg)&#8221; [&hellip;]<\/p>\n","protected":false},"author":1,"featured_media":0,"parent":0,"menu_order":0,"comment_status":"closed","ping_status":"closed","template":"","meta":{"_et_pb_use_builder":"on","_et_pb_old_content":"","_et_gb_content_width":"","footnotes":""},"class_list":["post-1153","page","type-page","status-publish","hentry"],"_links":{"self":[{"href":"https:\/\/georganicmethod.com\/hu\/wp-json\/wp\/v2\/pages\/1153","targetHints":{"allow":["GET"]}}],"collection":[{"href":"https:\/\/georganicmethod.com\/hu\/wp-json\/wp\/v2\/pages"}],"about":[{"href":"https:\/\/georganicmethod.com\/hu\/wp-json\/wp\/v2\/types\/page"}],"author":[{"embeddable":true,"href":"https:\/\/georganicmethod.com\/hu\/wp-json\/wp\/v2\/users\/1"}],"replies":[{"embeddable":true,"href":"https:\/\/georganicmethod.com\/hu\/wp-json\/wp\/v2\/comments?post=1153"}],"version-history":[{"count":42,"href":"https:\/\/georganicmethod.com\/hu\/wp-json\/wp\/v2\/pages\/1153\/revisions"}],"predecessor-version":[{"id":5264,"href":"https:\/\/georganicmethod.com\/hu\/wp-json\/wp\/v2\/pages\/1153\/revisions\/5264"}],"wp:attachment":[{"href":"https:\/\/georganicmethod.com\/hu\/wp-json\/wp\/v2\/media?parent=1153"}],"curies":[{"name":"wp","href":"https:\/\/api.w.org\/{rel}","templated":true}]}}