{"id":1677,"date":"2017-10-15T12:31:54","date_gmt":"2017-10-15T12:31:54","guid":{"rendered":"https:\/\/georganicmethod.com\/hu\/?page_id=1677"},"modified":"2017-11-04T08:16:57","modified_gmt":"2017-11-04T08:16:57","slug":"login","status":"publish","type":"page","link":"https:\/\/georganicmethod.com\/hu\/login\/","title":{"rendered":"Bel\u00e9p\u00e9s"},"content":{"rendered":"<p>[et_pb_section bb_built=&#8221;1&#8243; fullwidth=&#8221;on&#8221; specialty=&#8221;off&#8221; _builder_version=&#8221;3.0.67&#8243;][et_pb_fullwidth_header _builder_version=&#8221;3.0.67&#8243; title=&#8221;Bel\u00e9p\u00e9s&#8221; text_orientation=&#8221;center&#8221; header_fullscreen=&#8221;off&#8221; header_scroll_down=&#8221;off&#8221; image_orientation=&#8221;center&#8221; background_layout=&#8221;light&#8221; content_orientation=&#8221;center&#8221; custom_button_one=&#8221;off&#8221; button_one_letter_spacing=&#8221;0&#8243; button_one_icon_placement=&#8221;right&#8221; button_one_letter_spacing_hover=&#8221;0&#8243; custom_button_two=&#8221;off&#8221; button_two_letter_spacing=&#8221;0&#8243; button_two_icon_placement=&#8221;right&#8221; button_two_letter_spacing_hover=&#8221;0&#8243; module_class=&#8221;et-waypoint et_pb_animation_bottom gm-small-hero&#8221; \/][\/et_pb_section][et_pb_section bb_built=&#8221;1&#8243; fullwidth=&#8221;off&#8221; specialty=&#8221;off&#8221; _builder_version=&#8221;3.0.67&#8243; module_class=&#8221;gm-user-section grey-bg&#8221;][et_pb_row _builder_version=&#8221;3.0.67&#8243; background_position_1=&#8221;top_left&#8221; background_repeat_1=&#8221;no-repeat&#8221; background_position_2=&#8221;top_left&#8221; background_repeat_2=&#8221;no-repeat&#8221; module_class=&#8221;gm-row gm-user-box white-bg border-radius box-shadow et-waypoint et_pb_animation_bottom&#8221;][et_pb_column type=&#8221;4_4&#8243;][et_pb_text admin_label=&#8221;login c\u00edm&#8221; _builder_version=&#8221;3.0.67&#8243; background_layout=&#8221;light&#8221; text_orientation=&#8221;left&#8221; border_style=&#8221;solid&#8221; module_class=&#8221;section-title et-waypoint et_pb_animation_bottom&#8221;]<\/p>\n<h2>Bel\u00e9p\u00e9s<\/h2>\n<p>[\/et_pb_text][et_pb_code admin_label=&#8221;login form&#8221; _builder_version=&#8221;3.0.67&#8243; module_class=&#8221;et-waypoint et_pb_animation_bottom&#8221;]<div class=\"swpm-login-widget-form\">\r\n    <form id=\"swpm-login-form\" name=\"swpm-login-form\" method=\"post\" action=\"\">\r\n        <div class=\"swpm-login-form-inner\">\r\n            <div class=\"swpm-username-label\">\r\n                <label for=\"swpm_user_name\" class=\"swpm-label\">Felhaszn\u00e1l\u00f3n\u00e9v vagy e-mail c\u00edm<\/label>\r\n            <\/div>\r\n            <div class=\"swpm-username-input\">\r\n                <input type=\"text\" class=\"swpm-text-field swpm-username-field\" id=\"swpm_user_name\" value=\"\" size=\"25\" name=\"swpm_user_name\" \/>\r\n            <\/div>\r\n            <div class=\"swpm-password-label\">\r\n                <label for=\"swpm_password\" class=\"swpm-label\">Jelsz\u00f3<\/label>\r\n            <\/div>\r\n            <div class=\"swpm-password-input\">                \r\n                <input type=\"password\" class=\"swpm-text-field swpm-password-field\" id=\"swpm_password\" value=\"\" size=\"25\" name=\"swpm_password\" \/>                \r\n            <\/div>\r\n                        <div class=\"swpm-remember-me\">\r\n                <span class=\"swpm-remember-checkbox\"><input type=\"checkbox\" name=\"rememberme\" id=\"swpm-rememberme\"><\/span>\r\n                <label for=\"swpm-rememberme\" class=\"swpm-rememberme-label\">\r\n                    <span class=\"swpm-rember-label\"> Eml\u00e9kezzen r\u00e1m<\/span>\r\n                <\/label>\r\n            <\/div>\r\n\r\n            <div class=\"swpm-before-login-submit-section\"><\/div>\r\n\r\n            <div class=\"swpm-login-submit\">\r\n                <input type=\"submit\" class=\"swpm-login-form-submit\" name=\"swpm-login\" value=\"jelentkezzen be\"\/>\r\n            <\/div>\r\n            <div class=\"swpm-forgot-pass-link\">\r\n                <a id=\"forgot_pass\" class=\"swpm-login-form-pw-reset-link\"  href=\"https:\/\/georganicmethod.com\/hu\/membership\/login\/password-reset\/\">Elfelejtett jelsz\u00f3<\/a>\r\n            <\/div>\r\n            <div class=\"swpm-join-us-link\">\r\n                <a id=\"register\" class=\"swpm-login-form-register-link\" href=\"https:\/\/georganicmethod.com\/hu\/membership\/join\/\">Csatlakozzon hozz\u00e1nk!<\/a>\r\n            <\/div>\r\n            <div class=\"swpm-login-action-msg\">\r\n                <span class=\"swpm-login-widget-action-msg\"><\/span>\r\n            <\/div>\r\n        <\/div>\r\n    <\/form>\r\n<\/div>\r\n[\/et_pb_code][\/et_pb_column][\/et_pb_row][\/et_pb_section]<\/p>\n<span class=\"et_bloom_bottom_trigger\"><\/span>","protected":false},"excerpt":{"rendered":"<p>[et_pb_section bb_built=&#8221;1&#8243; fullwidth=&#8221;on&#8221; specialty=&#8221;off&#8221; _builder_version=&#8221;3.0.67&#8243;][et_pb_fullwidth_header _builder_version=&#8221;3.0.67&#8243; title=&#8221;Bel\u00e9p\u00e9s&#8221; text_orientation=&#8221;center&#8221; header_fullscreen=&#8221;off&#8221; header_scroll_down=&#8221;off&#8221; image_orientation=&#8221;center&#8221; background_layout=&#8221;light&#8221; content_orientation=&#8221;center&#8221; custom_button_one=&#8221;off&#8221; button_one_letter_spacing=&#8221;0&#8243; button_one_icon_placement=&#8221;right&#8221; button_one_letter_spacing_hover=&#8221;0&#8243; custom_button_two=&#8221;off&#8221; button_two_letter_spacing=&#8221;0&#8243; button_two_icon_placement=&#8221;right&#8221; button_two_letter_spacing_hover=&#8221;0&#8243; module_class=&#8221;et-waypoint et_pb_animation_bottom gm-small-hero&#8221; \/][\/et_pb_section][et_pb_section bb_built=&#8221;1&#8243; fullwidth=&#8221;off&#8221; specialty=&#8221;off&#8221; _builder_version=&#8221;3.0.67&#8243; module_class=&#8221;gm-user-section grey-bg&#8221;][et_pb_row _builder_version=&#8221;3.0.67&#8243; background_position_1=&#8221;top_left&#8221; background_repeat_1=&#8221;no-repeat&#8221; background_position_2=&#8221;top_left&#8221; background_repeat_2=&#8221;no-repeat&#8221; module_class=&#8221;gm-row gm-user-box white-bg border-radius box-shadow et-waypoint et_pb_animation_bottom&#8221;][et_pb_column type=&#8221;4_4&#8243;][et_pb_text admin_label=&#8221;login c\u00edm&#8221; _builder_version=&#8221;3.0.67&#8243; background_layout=&#8221;light&#8221; text_orientation=&#8221;left&#8221; border_style=&#8221;solid&#8221; module_class=&#8221;section-title et-waypoint et_pb_animation_bottom&#8221;] Bel\u00e9p\u00e9s [\/et_pb_text][et_pb_code [&hellip;]<\/p>\n","protected":false},"author":1,"featured_media":0,"parent":0,"menu_order":0,"comment_status":"closed","ping_status":"closed","template":"","meta":{"_et_pb_use_builder":"on","_et_pb_old_content":"[swpm_login_form]\r\n\r\n[swpm_registration_form level=3]","_et_gb_content_width":"","footnotes":""},"class_list":["post-1677","page","type-page","status-publish","hentry"],"_links":{"self":[{"href":"https:\/\/georganicmethod.com\/hu\/wp-json\/wp\/v2\/pages\/1677","targetHints":{"allow":["GET"]}}],"collection":[{"href":"https:\/\/georganicmethod.com\/hu\/wp-json\/wp\/v2\/pages"}],"about":[{"href":"https:\/\/georganicmethod.com\/hu\/wp-json\/wp\/v2\/types\/page"}],"author":[{"embeddable":true,"href":"https:\/\/georganicmethod.com\/hu\/wp-json\/wp\/v2\/users\/1"}],"replies":[{"embeddable":true,"href":"https:\/\/georganicmethod.com\/hu\/wp-json\/wp\/v2\/comments?post=1677"}],"version-history":[{"count":25,"href":"https:\/\/georganicmethod.com\/hu\/wp-json\/wp\/v2\/pages\/1677\/revisions"}],"predecessor-version":[{"id":2893,"href":"https:\/\/georganicmethod.com\/hu\/wp-json\/wp\/v2\/pages\/1677\/revisions\/2893"}],"wp:attachment":[{"href":"https:\/\/georganicmethod.com\/hu\/wp-json\/wp\/v2\/media?parent=1677"}],"curies":[{"name":"wp","href":"https:\/\/api.w.org\/{rel}","templated":true}]}}