{"id":1958,"date":"2017-10-17T20:12:45","date_gmt":"2017-10-17T20:12:45","guid":{"rendered":"https:\/\/georganicmethod.com\/hu\/?page_id=1958"},"modified":"2022-10-18T15:41:54","modified_gmt":"2022-10-18T15:41:54","slug":"join","status":"publish","type":"page","link":"https:\/\/georganicmethod.com\/hu\/join\/","title":{"rendered":"Regisztr\u00e1ci\u00f3 az alapoz\u00f3 programra"},"content":{"rendered":"<p>[et_pb_section fb_built=&#8221;1&#8243; fullwidth=&#8221;on&#8221; _builder_version=&#8221;3.22&#8243;][et_pb_fullwidth_header title=&#8221;Regisztr\u00e1ci\u00f3&#8221; text_orientation=&#8221;center&#8221; content_max_width=&#8221;none&#8221; admin_label=&#8221;regisztr\u00e1ci\u00f3 c\u00edm&#8221; module_class=&#8221;et-waypoint et_pb_animation_bottom gm-small-hero&#8221; _builder_version=&#8221;3.16&#8243; background_color=&#8221;rgba(255, 255, 255, 0)&#8221; background_layout=&#8221;light&#8221; button_one_letter_spacing_hover=&#8221;0&#8243; button_two_letter_spacing_hover=&#8221;0&#8243; button_one_text_size__hover_enabled=&#8221;off&#8221; button_two_text_size__hover_enabled=&#8221;off&#8221; button_one_text_color__hover_enabled=&#8221;off&#8221; button_two_text_color__hover_enabled=&#8221;off&#8221; button_one_border_width__hover_enabled=&#8221;off&#8221; button_two_border_width__hover_enabled=&#8221;off&#8221; button_one_border_color__hover_enabled=&#8221;off&#8221; button_two_border_color__hover_enabled=&#8221;off&#8221; button_one_border_radius__hover_enabled=&#8221;off&#8221; button_two_border_radius__hover_enabled=&#8221;off&#8221; button_one_letter_spacing__hover_enabled=&#8221;on&#8221; button_one_letter_spacing__hover=&#8221;0&#8243; button_two_letter_spacing__hover_enabled=&#8221;on&#8221; button_two_letter_spacing__hover=&#8221;0&#8243; button_one_bg_color__hover_enabled=&#8221;off&#8221; button_two_bg_color__hover_enabled=&#8221;off&#8221;][\/et_pb_fullwidth_header][\/et_pb_section][et_pb_section fb_built=&#8221;1&#8243; module_class=&#8221;gm-user-section grey-bg&#8221; _builder_version=&#8221;3.22&#8243;][et_pb_row module_class=&#8221;gm-row gm-user-box white-bg border-radius box-shadow et-waypoint et_pb_animation_bottom&#8221; _builder_version=&#8221;3.25&#8243;][et_pb_column type=&#8221;4_4&#8243; _builder_version=&#8221;3.25&#8243; background_position=&#8221;top_left&#8221; custom_padding=&#8221;|||&#8221; custom_padding__hover=&#8221;|||&#8221;][et_pb_text admin_label=&#8221;alapoz\u00f3 inf\u00f3&#8221; module_class=&#8221;section-title bottom gm-space-bottom&#8221; _builder_version=&#8221;4.9.4&#8243; hover_enabled=&#8221;0&#8243; sticky_enabled=&#8221;0&#8243; disabled_on=&#8221;on|on|on&#8221; disabled=&#8221;on&#8221;]<\/p>\n<h2>Alapoz\u00f3 csomag<\/h2>\n<p>Az al\u00e1bbi gombra kattintva ind\u00edthatod el a regisztr\u00e1ci\u00f3t az Alapoz\u00f3 programra. A program c\u00e9lja egy er\u0151s alapot \u00e9p\u00edteni. Heti 3 edz\u00e9st kapsz 2 h\u00f3napon kereszt\u00fcl. \u00d6sszesen 24 edz\u00e9st vehetsz k\u00e9zhez. Az Alapoz\u00f3 csomag \u00e1ra 29 000 Ft.<\/p>\n<p>A fizet\u00e9s ut\u00e1n kapsz egy k\u00e9rd\u0151\u00edvet, amely kit\u00f6lt\u00e9se ut\u00e1n 10 munkanapon bel\u00fcl k\u00e9zhez veheted a szem\u00e9lyre szabott tervedet.<\/p>\n<p>B\u0151vebben <a href=\"https:\/\/georganicmethod.com\/hu\/online-edzes\/\" target=\"_blank\" rel=\"noopener\">itt<\/a> olvashatsz r\u00f3la.<\/p>\n<p>[\/et_pb_text][et_pb_text admin_label=&#8221;alapoz\u00f3 inf\u00f3&#8221; module_class=&#8221;section-title bottom gm-space-bottom&#8221; _builder_version=&#8221;4.9.4&#8243; hover_enabled=&#8221;0&#8243; sticky_enabled=&#8221;0&#8243;]<\/p>\n<h2>Alapoz\u00f3 csomag<\/h2>\n<p>Az al\u00e1bbi gombra kattintva ind\u00edthatod el a regisztr\u00e1ci\u00f3t az Alapoz\u00f3 programra. A program c\u00e9lja egy er\u0151s alapot \u00e9p\u00edteni. Heti 3 edz\u00e9st kapsz 2 h\u00f3napon kereszt\u00fcl. \u00d6sszesen 24 edz\u00e9st vehetsz k\u00e9zhez. Az Alapoz\u00f3 csomag \u00e1ra 29 000 Ft.<\/p>\n<p>A fizet\u00e9s ut\u00e1n kapsz egy k\u00e9rd\u0151\u00edvet, amely kit\u00f6lt\u00e9se ut\u00e1n 10 munkanapon bel\u00fcl k\u00e9zhez veheted a szem\u00e9lyre szabott tervedet.<\/p>\n<p>B\u0151vebben <a href=\"https:\/\/georganicmethod.com\/hu\/online-edzes\/\" target=\"_blank\" rel=\"noopener\">itt<\/a> olvashatsz r\u00f3la.<\/p>\n<p>&nbsp;<\/p>\n<h3>Sz\u00fcneteltetve, Hamarosan \u00fajra el\u00e9rhet\u0151!<\/h3>\n<p>&nbsp;<\/p>\n<p>[\/et_pb_text][et_pb_code admin_label=&#8221;bankk\u00e1rty\u00e1s fizet\u00e9s&#8221; _builder_version=&#8221;4.9.4&#8243; hover_enabled=&#8221;0&#8243; disabled_on=&#8221;on|on|on&#8221; disabled=&#8221;on&#8221; sticky_enabled=&#8221;0&#8243;]<div class=\"swpm-payment-button\"><div class=\"swpm-button-wrapper swpm-braintree-buy-now-wrapper\"><form id='swpm-braintree-payment-form-69e60884e5580' action='https:\/\/georganicmethod.com\/hu\/?swpm_process_braintree_buy_now=1' METHOD='POST'> <div id=\"swpm-form-cont-69e60884e5580\" class=\"swpm-braintree-form-container swpm-form-container-2522\" style=\"display:none;\"><\/div><div id=\"swpm-braintree-additional-fields-container-69e60884e5580\" class=\"swpm-braintree-additional-fields-container swpm-braintree-additional-fields-container-2522\" style=\"display:none;\"><p><input type=\"text\" name=\"first_name\" placeholder=\"First Name\" value=\"\" required><\/p><p><input type=\"text\" name=\"last_name\" placeholder=\"Last Name\" value=\"\" required><\/p><p><input type=\"text\" name=\"member_email\" placeholder=\"Email\" value=\"\" required><\/p><div id=\"swpm-braintree-amount-container-69e60884e5580\" class=\"swpm-braintree-amount-container\"><p>29,000.00 HUF<\/p><\/div><\/div><button id=\"swpm-show-form-btn-69e60884e5580\" class=\"swpm-braintree-pay-now-button swpm-braintree-show-form-button-2522 \" type=\"button\" onclick=\"swpm_braintree_show_form_69e60884e5580();\"><span>V\u00e1s\u00e1roljon most<\/span><\/button><button id=\"swpm-submit-form-btn-69e60884e5580\" class=\"swpm-braintree-pay-now-button swpm-braintree-submit-form-button-2522 \" type=\"submit\" style=\"display: none;\"><span>V\u00e1s\u00e1roljon most<\/span><\/button><script src=\"https:\/\/js.braintreegateway.com\/web\/3.88.2\/js\/client.min.js\"><\/script><script src=\"https:\/\/js.braintreegateway.com\/web\/dropin\/1.33.4\/js\/dropin.min.js\"><\/script>    <style>\r\n        .braintree-sheet__content--form .braintree-form__flexible-fields{\r\n            display:inherit;\r\n        }\r\n        .error-required{\r\n            color:#b14747;\r\n            display: block;\r\n        }\r\n        .error-required-hide{\r\n            display: none;\r\n        }\r\n    <\/style>\r\n    <script>\r\n        function swpm_braintree_show_form_69e60884e5580() {\r\n            document.getElementById('swpm-show-form-btn-69e60884e5580').style.display = \"none\";\r\n            document.getElementById('swpm-submit-form-btn-69e60884e5580').style.display = \"block\";\r\n            document.getElementById('swpm-form-cont-69e60884e5580').style.display = \"block\";\r\n            var clientToken = 'eyJ2ZXJzaW9uIjoyLCJhdXRob3JpemF0aW9uRmluZ2VycHJpbnQiOiJleUpyYVdRaU9pSXlNREU0TURReU5qRTJMWEJ5YjJSMVkzUnBiMjRpTENKcGMzTWlPaUpvZEhSd2N6b3ZMMkZ3YVM1aWNtRnBiblJ5WldWbllYUmxkMkY1TG1OdmJTSXNJbUZzWnlJNklrVlRNalUySW4wLmV5SmxlSEFpT2pFM056WTNOamsxTkRBc0ltcDBhU0k2SW1Zd09EaGtOVFV6TFRjMFpUY3ROREkwTWkxaVlUZG1MV1V3T0dabE4yTmlNbUZsTmlJc0luTjFZaUk2SWpZemVUVTFPWFI2YlhCa2RtNTBkM29pTENKcGMzTWlPaUpvZEhSd2N6b3ZMMkZ3YVM1aWNtRnBiblJ5WldWbllYUmxkMkY1TG1OdmJTSXNJbTFsY21Ob1lXNTBJanA3SW5CMVlteHBZMTlwWkNJNklqWXplVFUxT1hSNmJYQmtkbTUwZDNvaUxDSjJaWEpwWm5sZlkyRnlaRjlpZVY5a1pXWmhkV3gwSWpwMGNuVmxMQ0oyWlhKcFpubGZkMkZzYkdWMFgySjVYMlJsWm1GMWJIUWlPbVpoYkhObGZTd2ljbWxuYUhSeklqcGJJbTFoYm1GblpWOTJZWFZzZENKZExDSnpZMjl3WlNJNld5SkNjbUZwYm5SeVpXVTZWbUYxYkhRaUxDSkNjbUZwYm5SeVpXVTZRMnhwWlc1MFUwUkxJbDBzSW05d2RHbHZibk1pT25zaWNHRjVjR0ZzWDJOc2FXVnVkRjlwWkNJNklrRlJPSGRvVFdSS01sSnNUVVJVWnpsZllrOU9lVTlwT1hwaWEycFlNRWxMU0ROeVVtVnhVRUppVWxsQ1MwbFJWVUpwVTAxYVZ5MWxOVGRZVlMxSlZWVlBMV3N0UmxGSVpERmhXR3BSYVdWUUluMTkuLWVuR0RxclFKV3JyQW4zcVBuWVdqTDhKNnVBTm1sVUs2NGJiVkttdlhTZUFJTzJXbzVOLS1xczg0VkZsQmMwcGh1N2xqV0NfdHh2QkxhQlM5enpFa3ciLCJjb25maWdVcmwiOiJodHRwczovL2FwaS5icmFpbnRyZWVnYXRld2F5LmNvbTo0NDMvbWVyY2hhbnRzLzYzeTU1OXR6bXBkdm50d3ovY2xpZW50X2FwaS92MS9jb25maWd1cmF0aW9uIiwiZ3JhcGhRTCI6eyJ1cmwiOiJodHRwczovL3BheW1lbnRzLmJyYWludHJlZS1hcGkuY29tL2dyYXBocWwiLCJkYXRlIjoiMjAxOC0wNS0wOCIsImZlYXR1cmVzIjpbInRva2VuaXplX2NyZWRpdF9jYXJkcyJdfSwiY2xpZW50QXBpVXJsIjoiaHR0cHM6Ly9hcGkuYnJhaW50cmVlZ2F0ZXdheS5jb206NDQzL21lcmNoYW50cy82M3k1NTl0em1wZHZudHd6L2NsaWVudF9hcGkiLCJlbnZpcm9ubWVudCI6InByb2R1Y3Rpb24iLCJtZXJjaGFudElkIjoiNjN5NTU5dHptcGR2bnR3eiIsImFzc2V0c1VybCI6Imh0dHBzOi8vYXNzZXRzLmJyYWludHJlZWdhdGV3YXkuY29tIiwiYXV0aFVybCI6Imh0dHBzOi8vYXV0aC52ZW5tby5jb20iLCJ2ZW5tbyI6Im9mZiIsImNoYWxsZW5nZXMiOlsiY3Z2Il0sInRocmVlRFNlY3VyZUVuYWJsZWQiOnRydWUsImFuYWx5dGljcyI6eyJ1cmwiOiJodHRwczovL2NsaWVudC1hbmFseXRpY3MuYnJhaW50cmVlZ2F0ZXdheS5jb20vNjN5NTU5dHptcGR2bnR3eiJ9LCJwYXlwYWxFbmFibGVkIjp0cnVlLCJwYXlwYWwiOnsiYmlsbGluZ0FncmVlbWVudHNFbmFibGVkIjp0cnVlLCJlbnZpcm9ubWVudE5vTmV0d29yayI6ZmFsc2UsInVudmV0dGVkTWVyY2hhbnQiOmZhbHNlLCJhbGxvd0h0dHAiOmZhbHNlLCJkaXNwbGF5TmFtZSI6IkJhcmF0aCBHZW9yZ2luYSIsImNsaWVudElkIjoiQVE4d2hNZEoyUmxNRFRnOV9iT055T2k5emJralgwSUtIM3JSZXFQQmJSWUJLSVFVQmlTTVpXLWU1N1hVLUlVVU8tay1GUUhkMWFYalFpZVAiLCJiYXNlVXJsIjoiaHR0cHM6Ly9hc3NldHMuYnJhaW50cmVlZ2F0ZXdheS5jb20iLCJhc3NldHNVcmwiOiJodHRwczovL2NoZWNrb3V0LnBheXBhbC5jb20iLCJkaXJlY3RCYXNlVXJsIjpudWxsLCJlbnZpcm9ubWVudCI6ImxpdmUiLCJicmFpbnRyZWVDbGllbnRJZCI6IkFSS3JZUkRoM0FHWER6VzdzT18zYlNrcS1VMUM3SEdfdVdOQy16NTdMallTRE5VT1NhT3RJYTlxNlZwVyIsIm1lcmNoYW50QWNjb3VudElkIjoiYmFyYXRoZ2VvcmdpbmFFVVIiLCJjdXJyZW5jeUlzb0NvZGUiOiJFVVIifX0=';\r\n            var submitButton = document.getElementById('swpm-submit-form-btn-69e60884e5580');\r\n            var form = document.getElementById('swpm-braintree-payment-form-69e60884e5580');\r\n            var additional_fields = document.getElementById('swpm-braintree-additional-fields-container-69e60884e5580');\r\n            var amount = form.querySelector('[name=\"item_price\"]').value;\r\n\r\n            var first_name_parent = additional_fields.querySelector('[name=\"first_name\"]');\r\n            var member_email_parent = additional_fields.querySelector('[name=\"member_email\"]');\r\n\r\n\r\n            var errorElement_firstname = document.createElement(\"label\");\r\n            errorElement_firstname.innerText=\"First name is required\";\r\n            errorElement_firstname.classList.add(\"error-required\");\r\n            errorElement_firstname.classList.add(\"error-required-hide\");\r\n            first_name_parent.parentNode.insertBefore(errorElement_firstname, first_name_parent.nextSibling);\r\n\r\n            var errorElement_email = document.createElement(\"label\");\r\n            errorElement_email.innerText=\"Email address is required\";\r\n            errorElement_email.classList.add(\"error-required\");\r\n            errorElement_email.classList.add(\"error-required-hide\");\r\n            member_email_parent.parentNode.insertBefore(errorElement_email, member_email_parent.nextSibling);\r\n\r\n            \/\/creating dropin\r\n            braintree.dropin.create({\r\n                authorization: clientToken,\r\n                container: '#swpm-form-cont-69e60884e5580',\r\n                threeDSecure: true\r\n            }, function(err, dropinInstance) {                \r\n                if (err) {\r\n                    \/\/ Handle any errors that might've occurred when creating Drop-in\r\n                    console.error(err);\r\n                    alert(\"Error creating payment form. Try again or check console logs\");\r\n                    return;\r\n                }\r\n\r\n                document.getElementById('swpm-braintree-additional-fields-container-69e60884e5580').style.display = \"block\";\r\n\r\n                submitButton.addEventListener('click', function(e) {\r\n                    e.preventDefault();\r\n\r\n                    \r\n                    var first_name = additional_fields.querySelector('[name=\"first_name\"]').value;\r\n\r\n                    var last_name = additional_fields.querySelector('[name=\"last_name\"]').value;\r\n                    \r\n                    var member_email = additional_fields.querySelector('[name=\"member_email\"]').value;\r\n                    \r\n\r\n                    var emailformat = \/^\\w+([\\.-]?\\w+)*@\\w+([\\.-]?\\w+)*(\\.\\w{2,3})+$\/;                    \r\n                    var isError_firstname=false;\r\n                    var isError_email=false;\r\n\r\n                    if(first_name.length==0)\r\n                    {\r\n                        errorElement_firstname.classList.remove(\"error-required-hide\");\r\n                        isError_firstname=true;\r\n                    }\r\n                    else{\r\n                        errorElement_firstname.classList.add(\"error-required-hide\");\r\n                        isError_firstname=false;\r\n                    }\r\n\r\n                    if(!member_email.match(emailformat))\r\n                    {\r\n                        errorElement_email.classList.remove(\"error-required-hide\");\r\n                        isError_email=true;\r\n                    }\r\n                    else{\r\n                        errorElement_email.classList.add(\"error-required-hide\");\r\n                        isError_email=false;\r\n                    }\r\n\r\n\r\n                    if(isError_firstname==true || isError_email==true )\r\n                    {                    \r\n                        return;\r\n                    }\r\n\r\n\r\n\r\n                    dropinInstance.requestPaymentMethod({\r\n                        threeDSecure: {\r\n                            amount: amount,\r\n                            email: member_email,\r\n                            billingAddress: {\r\n                                givenName: first_name,\r\n                                surname: last_name,\r\n                            }\r\n                        }\r\n                    }, function(err, payload) {\r\n                        if (err) {\r\n                            \/\/ Handle errors in requesting payment method\r\n                            console.log(err);\r\n                            document.getElementById('swpm-submit-form-btn-69e60884e5580').disabled = false;\r\n                            alert(\"Error in requesting payment. Try again or check console logs\");\r\n                            return;\r\n                        }\r\n                        \r\n                        document.getElementById('swpm-submit-form-btn-69e60884e5580').disabled = true;\r\n\r\n                        if (payload.type !== 'CreditCard') {\r\n                            document.getElementById('swpm-braintree-nonce-field-69e60884e5580').value = payload.nonce;\r\n                            document.getElementById('swpm-braintree-payment-form-69e60884e5580').submit();\r\n                            return true;\r\n                        }\r\n                        \r\n                        document.getElementById('swpm-braintree-nonce-field-69e60884e5580').value = payload.nonce;\r\n                        document.getElementById('swpm-braintree-payment-form-69e60884e5580').submit();\r\n                    });\r\n                });\r\n            });\r\n\r\n        }\r\n    <\/script>\r\n<input type=\"hidden\" id=\"_wpnonce\" name=\"_wpnonce\" value=\"8802ab3182\" \/><input type=\"hidden\" name=\"_wp_http_referer\" value=\"\/hu\/wp-json\/wp\/v2\/pages\/1958\" \/><input type=\"hidden\" name=\"item_number\" value=\"2522\" \/><input type=\"hidden\" id=\"swpm-braintree-nonce-field-69e60884e5580\" name=\"payment_method_nonce\" value=\"\" \/><input type='hidden' value='Megv\u00e1s\u00e1rolom' name='item_name' \/><input type='hidden' value='29000' name='item_price' \/><input type='hidden' value='HUF' name='currency_code' \/><input type='hidden' value='subsc_ref=3&user_ip=216.73.216.117' name='custom' \/><\/form><\/div><\/div>[\/et_pb_code][\/et_pb_column][\/et_pb_row][\/et_pb_section]<\/p>\n<span class=\"et_bloom_bottom_trigger\"><\/span>","protected":false},"excerpt":{"rendered":"<p>[et_pb_section fb_built=&#8221;1&#8243; fullwidth=&#8221;on&#8221; _builder_version=&#8221;3.22&#8243;][et_pb_fullwidth_header title=&#8221;Regisztr\u00e1ci\u00f3&#8221; text_orientation=&#8221;center&#8221; content_max_width=&#8221;none&#8221; admin_label=&#8221;regisztr\u00e1ci\u00f3 c\u00edm&#8221; module_class=&#8221;et-waypoint et_pb_animation_bottom gm-small-hero&#8221; _builder_version=&#8221;3.16&#8243; background_color=&#8221;rgba(255, 255, 255, 0)&#8221; background_layout=&#8221;light&#8221; button_one_letter_spacing_hover=&#8221;0&#8243; button_two_letter_spacing_hover=&#8221;0&#8243; button_one_text_size__hover_enabled=&#8221;off&#8221; button_two_text_size__hover_enabled=&#8221;off&#8221; button_one_text_color__hover_enabled=&#8221;off&#8221; button_two_text_color__hover_enabled=&#8221;off&#8221; button_one_border_width__hover_enabled=&#8221;off&#8221; button_two_border_width__hover_enabled=&#8221;off&#8221; button_one_border_color__hover_enabled=&#8221;off&#8221; button_two_border_color__hover_enabled=&#8221;off&#8221; button_one_border_radius__hover_enabled=&#8221;off&#8221; button_two_border_radius__hover_enabled=&#8221;off&#8221; button_one_letter_spacing__hover_enabled=&#8221;on&#8221; button_one_letter_spacing__hover=&#8221;0&#8243; button_two_letter_spacing__hover_enabled=&#8221;on&#8221; button_two_letter_spacing__hover=&#8221;0&#8243; button_one_bg_color__hover_enabled=&#8221;off&#8221; button_two_bg_color__hover_enabled=&#8221;off&#8221;][\/et_pb_fullwidth_header][\/et_pb_section][et_pb_section fb_built=&#8221;1&#8243; module_class=&#8221;gm-user-section grey-bg&#8221; _builder_version=&#8221;3.22&#8243;][et_pb_row module_class=&#8221;gm-row gm-user-box white-bg border-radius box-shadow et-waypoint et_pb_animation_bottom&#8221; _builder_version=&#8221;3.25&#8243;][et_pb_column type=&#8221;4_4&#8243; _builder_version=&#8221;3.25&#8243; background_position=&#8221;top_left&#8221; custom_padding=&#8221;|||&#8221; custom_padding__hover=&#8221;|||&#8221;][et_pb_text admin_label=&#8221;alapoz\u00f3 inf\u00f3&#8221; [&hellip;]<\/p>\n","protected":false},"author":1,"featured_media":0,"parent":0,"menu_order":0,"comment_status":"closed","ping_status":"closed","template":"","meta":{"_et_pb_use_builder":"on","_et_pb_old_content":"[swpm_registration_form]","_et_gb_content_width":"","footnotes":""},"class_list":["post-1958","page","type-page","status-publish","hentry"],"_links":{"self":[{"href":"https:\/\/georganicmethod.com\/hu\/wp-json\/wp\/v2\/pages\/1958","targetHints":{"allow":["GET"]}}],"collection":[{"href":"https:\/\/georganicmethod.com\/hu\/wp-json\/wp\/v2\/pages"}],"about":[{"href":"https:\/\/georganicmethod.com\/hu\/wp-json\/wp\/v2\/types\/page"}],"author":[{"embeddable":true,"href":"https:\/\/georganicmethod.com\/hu\/wp-json\/wp\/v2\/users\/1"}],"replies":[{"embeddable":true,"href":"https:\/\/georganicmethod.com\/hu\/wp-json\/wp\/v2\/comments?post=1958"}],"version-history":[{"count":23,"href":"https:\/\/georganicmethod.com\/hu\/wp-json\/wp\/v2\/pages\/1958\/revisions"}],"predecessor-version":[{"id":3872,"href":"https:\/\/georganicmethod.com\/hu\/wp-json\/wp\/v2\/pages\/1958\/revisions\/3872"}],"wp:attachment":[{"href":"https:\/\/georganicmethod.com\/hu\/wp-json\/wp\/v2\/media?parent=1958"}],"curies":[{"name":"wp","href":"https:\/\/api.w.org\/{rel}","templated":true}]}}