{"id":5166,"date":"2023-08-10T13:00:44","date_gmt":"2023-08-10T13:00:44","guid":{"rendered":"https:\/\/georganicmethod.com\/hu\/?page_id=5166"},"modified":"2023-08-11T09:56:33","modified_gmt":"2023-08-11T09:56:33","slug":"eloado","status":"publish","type":"page","link":"https:\/\/georganicmethod.com\/hu\/eloado\/","title":{"rendered":"El\u0151ad\u00f3"},"content":{"rendered":"<p>[et_pb_section fb_built=&#8221;1&#8243; fullwidth=&#8221;on&#8221; _builder_version=&#8221;4.9.4&#8243;][et_pb_fullwidth_header title=&#8221;El\u0151ad\u00f3&#8221; text_orientation=&#8221;center&#8221; header_scroll_down=&#8221;on&#8221; scroll_down_icon=&#8221;%%1%%&#8221; background_overlay_color=&#8221;rgba(25,2,30,0.5)&#8221; content_max_width=&#8221;none&#8221; module_class=&#8221;et-waypoint et_pb_animation_bottom&#8221; _builder_version=&#8221;4.9.4&#8243; background_color=&#8221;#54b4b6&#8243; background_enable_image=&#8221;off&#8221; parallax=&#8221;on&#8221; parallax_method=&#8221;on&#8221; min_height=&#8221;40vh&#8221; custom_css_main_element=&#8221;display: flex&#8221; button_one_letter_spacing_hover=&#8221;0&#8243; button_two_letter_spacing_hover=&#8221;0&#8243; button_one_text_size__hover_enabled=&#8221;off&#8221; button_two_text_size__hover_enabled=&#8221;off&#8221; button_one_text_color__hover_enabled=&#8221;off&#8221; button_two_text_color__hover_enabled=&#8221;off&#8221; button_one_border_width__hover_enabled=&#8221;off&#8221; button_two_border_width__hover_enabled=&#8221;off&#8221; button_one_border_color__hover_enabled=&#8221;off&#8221; button_two_border_color__hover_enabled=&#8221;off&#8221; button_one_border_radius__hover_enabled=&#8221;off&#8221; button_two_border_radius__hover_enabled=&#8221;off&#8221; button_one_letter_spacing__hover_enabled=&#8221;on&#8221; button_one_letter_spacing__hover=&#8221;0&#8243; button_two_letter_spacing__hover_enabled=&#8221;on&#8221; button_two_letter_spacing__hover=&#8221;0&#8243; button_one_bg_color__hover_enabled=&#8221;off&#8221; button_two_bg_color__hover_enabled=&#8221;off&#8221;][\/et_pb_fullwidth_header][\/et_pb_section][et_pb_section fb_built=&#8221;1&#8243; module_class=&#8221;gm-section&#8221; _builder_version=&#8221;3.22&#8243; custom_padding=&#8221;||90px|||&#8221;][et_pb_row make_equal=&#8221;on&#8221; module_class=&#8221;gm-row small-container&#8221; _builder_version=&#8221;3.25&#8243;][et_pb_column type=&#8221;4_4&#8243; _builder_version=&#8221;3.25&#8243; background_position=&#8221;top_left&#8221; custom_padding=&#8221;|||&#8221; custom_padding__hover=&#8221;|||&#8221;][et_pb_text admin_label=&#8221;kapcsolat (sz\u00f6veg)&#8221; module_class=&#8221;section-title et-waypoint et_pb_animation_bottom gm-contact-info&#8221; _builder_version=&#8221;4.9.4&#8243; text_orientation=&#8221;center&#8221; module_alignment=&#8221;center&#8221; border_style=&#8221;solid&#8221;]<\/p>\n<p><span style=\"font-weight: 400;\">Eg\u00e9szs\u00e9ges \u00e9letm\u00f3d, fitnesz, t\u00e1pl\u00e1lkoz\u00e1s, j\u00f3ll\u00e9t, \u00f6nismeret, aromater\u00e1pia \u00e9s sz\u00e9ps\u00e9gnapok t\u00e9m\u00e1kban workshopokat \u00e9s coaching el\u0151ad\u00e1sokat tartok.<\/span><\/p>\n<p><span style=\"font-weight: 400;\">Amennyiben szeretn\u00e9l megh\u00edvni egy esem\u00e9nyre, megh\u00edv\u00f3dat k\u00e9rlek <\/span><a href=\"Eg\u00e9szs\u00e9ges%20\u00e9letm\u00f3d, fitnesz, t\u00e1pl\u00e1lkoz\u00e1s, j\u00f3ll\u00e9t, \u00f6nismeret, aromater\u00e1pia \u00e9s sz\u00e9ps\u00e9gnapok t\u00e9m\u00e1kban workshopokat \u00e9s coaching el\u0151ad\u00e1sokat tartok. Amennyiben szeretn\u00e9l megh\u00edvni egy esem\u00e9nyre, megh\u00edv\u00f3dat k\u00e9rlek itt k\u00fcldd el.\"><b>itt<\/b><\/a><span style=\"font-weight: 400;\"> k\u00fcldd el.<\/span><\/p>\n<p>[\/et_pb_text][\/et_pb_column][\/et_pb_row][\/et_pb_section][et_pb_section fb_built=&#8221;1&#8243; _builder_version=&#8221;4.9.4&#8243; _module_preset=&#8221;default&#8221;][et_pb_row _builder_version=&#8221;4.9.4&#8243; _module_preset=&#8221;default&#8221;][et_pb_column _builder_version=&#8221;4.9.4&#8243; _module_preset=&#8221;default&#8221; type=&#8221;4_4&#8243;][et_pb_gallery _builder_version=&#8221;4.9.4&#8243; _module_preset=&#8221;default&#8221; gallery_ids=&#8221;5207,5208,5209,5210,5211,5212,5213&#8243; posts_number=&#8221;20&#8243; show_title_and_caption=&#8221;off&#8221; show_pagination=&#8221;off&#8221; hover_enabled=&#8221;0&#8243; sticky_enabled=&#8221;0&#8243; orientation=&#8221;portrait&#8221;][\/et_pb_gallery][\/et_pb_column][\/et_pb_row][\/et_pb_section]<\/p>\n<span class=\"et_bloom_bottom_trigger\"><\/span>","protected":false},"excerpt":{"rendered":"<p>[et_pb_section fb_built=&#8221;1&#8243; fullwidth=&#8221;on&#8221; _builder_version=&#8221;4.9.4&#8243;][et_pb_fullwidth_header title=&#8221;El\u0151ad\u00f3&#8221; text_orientation=&#8221;center&#8221; header_scroll_down=&#8221;on&#8221; scroll_down_icon=&#8221;%%1%%&#8221; background_overlay_color=&#8221;rgba(25,2,30,0.5)&#8221; content_max_width=&#8221;none&#8221; module_class=&#8221;et-waypoint et_pb_animation_bottom&#8221; _builder_version=&#8221;4.9.4&#8243; background_color=&#8221;#54b4b6&#8243; background_enable_image=&#8221;off&#8221; parallax=&#8221;on&#8221; parallax_method=&#8221;on&#8221; min_height=&#8221;40vh&#8221; custom_css_main_element=&#8221;display: flex&#8221; button_one_letter_spacing_hover=&#8221;0&#8243; button_two_letter_spacing_hover=&#8221;0&#8243; button_one_text_size__hover_enabled=&#8221;off&#8221; button_two_text_size__hover_enabled=&#8221;off&#8221; button_one_text_color__hover_enabled=&#8221;off&#8221; button_two_text_color__hover_enabled=&#8221;off&#8221; button_one_border_width__hover_enabled=&#8221;off&#8221; button_two_border_width__hover_enabled=&#8221;off&#8221; button_one_border_color__hover_enabled=&#8221;off&#8221; button_two_border_color__hover_enabled=&#8221;off&#8221; button_one_border_radius__hover_enabled=&#8221;off&#8221; button_two_border_radius__hover_enabled=&#8221;off&#8221; button_one_letter_spacing__hover_enabled=&#8221;on&#8221; button_one_letter_spacing__hover=&#8221;0&#8243; button_two_letter_spacing__hover_enabled=&#8221;on&#8221; button_two_letter_spacing__hover=&#8221;0&#8243; button_one_bg_color__hover_enabled=&#8221;off&#8221; button_two_bg_color__hover_enabled=&#8221;off&#8221;][\/et_pb_fullwidth_header][\/et_pb_section][et_pb_section fb_built=&#8221;1&#8243; module_class=&#8221;gm-section&#8221; _builder_version=&#8221;3.22&#8243; custom_padding=&#8221;||90px|||&#8221;][et_pb_row make_equal=&#8221;on&#8221; module_class=&#8221;gm-row small-container&#8221; _builder_version=&#8221;3.25&#8243;][et_pb_column type=&#8221;4_4&#8243; _builder_version=&#8221;3.25&#8243; background_position=&#8221;top_left&#8221; custom_padding=&#8221;|||&#8221; custom_padding__hover=&#8221;|||&#8221;][et_pb_text admin_label=&#8221;kapcsolat (sz\u00f6veg)&#8221; module_class=&#8221;section-title et-waypoint [&hellip;]<\/p>\n","protected":false},"author":20,"featured_media":0,"parent":0,"menu_order":0,"comment_status":"closed","ping_status":"closed","template":"","meta":{"_et_pb_use_builder":"on","_et_pb_old_content":"","_et_gb_content_width":"","footnotes":""},"class_list":["post-5166","page","type-page","status-publish","hentry"],"_links":{"self":[{"href":"https:\/\/georganicmethod.com\/hu\/wp-json\/wp\/v2\/pages\/5166","targetHints":{"allow":["GET"]}}],"collection":[{"href":"https:\/\/georganicmethod.com\/hu\/wp-json\/wp\/v2\/pages"}],"about":[{"href":"https:\/\/georganicmethod.com\/hu\/wp-json\/wp\/v2\/types\/page"}],"author":[{"embeddable":true,"href":"https:\/\/georganicmethod.com\/hu\/wp-json\/wp\/v2\/users\/20"}],"replies":[{"embeddable":true,"href":"https:\/\/georganicmethod.com\/hu\/wp-json\/wp\/v2\/comments?post=5166"}],"version-history":[{"count":7,"href":"https:\/\/georganicmethod.com\/hu\/wp-json\/wp\/v2\/pages\/5166\/revisions"}],"predecessor-version":[{"id":5214,"href":"https:\/\/georganicmethod.com\/hu\/wp-json\/wp\/v2\/pages\/5166\/revisions\/5214"}],"wp:attachment":[{"href":"https:\/\/georganicmethod.com\/hu\/wp-json\/wp\/v2\/media?parent=5166"}],"curies":[{"name":"wp","href":"https:\/\/api.w.org\/{rel}","templated":true}]}}