{"id":5177,"date":"2023-08-10T13:17:43","date_gmt":"2023-08-10T13:17:43","guid":{"rendered":"https:\/\/georganicmethod.com\/hu\/?page_id=5177"},"modified":"2024-01-18T18:51:00","modified_gmt":"2024-01-18T18:51:00","slug":"velemenyek","status":"publish","type":"page","link":"https:\/\/georganicmethod.com\/hu\/velemenyek\/","title":{"rendered":"V\u00e9lem\u00e9nyek"},"content":{"rendered":"<p>[et_pb_section fb_built=&#8221;1&#8243; fullwidth=&#8221;on&#8221; _builder_version=&#8221;3.22&#8243;][et_pb_fullwidth_header title=&#8221;V\u00e9lem\u00e9nyek&#8221; text_orientation=&#8221;center&#8221; header_fullscreen=&#8221;on&#8221; header_scroll_down=&#8221;on&#8221; scroll_down_icon=&#8221;%%1%%&#8221; background_overlay_color=&#8221;rgba(25,2,30,0.5)&#8221; content_max_width=&#8221;none&#8221; module_class=&#8221;et-waypoint et_pb_animation_bottom&#8221; _builder_version=&#8221;4.9.4&#8243; background_color=&#8221;rgba(255, 255, 255, 0)&#8221; background_image=&#8221;https:\/\/georganicmethod.com\/hu\/wp-content\/uploads\/2023\/08\/velemenyek.jpg&#8221; parallax=&#8221;on&#8221; parallax_method=&#8221;on&#8221; button_one_letter_spacing_hover=&#8221;0&#8243; button_two_letter_spacing_hover=&#8221;0&#8243; button_one_text_size__hover_enabled=&#8221;off&#8221; button_two_text_size__hover_enabled=&#8221;off&#8221; button_one_text_color__hover_enabled=&#8221;off&#8221; button_two_text_color__hover_enabled=&#8221;off&#8221; button_one_border_width__hover_enabled=&#8221;off&#8221; button_two_border_width__hover_enabled=&#8221;off&#8221; button_one_border_color__hover_enabled=&#8221;off&#8221; button_two_border_color__hover_enabled=&#8221;off&#8221; button_one_border_radius__hover_enabled=&#8221;off&#8221; button_two_border_radius__hover_enabled=&#8221;off&#8221; button_one_letter_spacing__hover_enabled=&#8221;on&#8221; button_one_letter_spacing__hover=&#8221;0&#8243; button_two_letter_spacing__hover_enabled=&#8221;on&#8221; button_two_letter_spacing__hover=&#8221;0&#8243; button_one_bg_color__hover_enabled=&#8221;off&#8221; button_two_bg_color__hover_enabled=&#8221;off&#8221;][\/et_pb_fullwidth_header][\/et_pb_section][et_pb_section fb_built=&#8221;1&#8243; module_class=&#8221;gm-section grey-bg&#8221; _builder_version=&#8221;3.22&#8243;][et_pb_row module_class=&#8221;gm-row&#8221; _builder_version=&#8221;3.25&#8243;][et_pb_column type=&#8221;4_4&#8243; _builder_version=&#8221;3.25&#8243; background_position=&#8221;top_left&#8221; custom_padding=&#8221;|||&#8221; custom_padding__hover=&#8221;|||&#8221;][et_pb_text admin_label=&#8221;r\u00f3lam mondt\u00e1k (c\u00edm)&#8221; module_class=&#8221;section-title dark-title et-waypoint et_pb_animation_bottom&#8221; _builder_version=&#8221;3.27.4&#8243; text_orientation=&#8221;center&#8221; module_alignment=&#8221;center&#8221; border_style=&#8221;solid&#8221;]<\/p>\n<h2>R\u00f3lam mondt\u00e1k<\/h2>\n<p>[\/et_pb_text][\/et_pb_column][\/et_pb_row][et_pb_row column_structure=&#8221;1_3,1_3,1_3&#8243; make_equal=&#8221;on&#8221; module_class=&#8221;gm-row gm-personal-training-row et-waypoint et_pb_animation_bottom&#8221; _builder_version=&#8221;3.25&#8243;][et_pb_column type=&#8221;1_3&#8243; _builder_version=&#8221;3.25&#8243; background_position=&#8221;top_left&#8221; custom_padding=&#8221;|||&#8221; custom_padding__hover=&#8221;|||&#8221;][et_pb_testimonial author=&#8221;Feller Adrienne&#8221; job_title=&#8221;Alap\u00edt\u00f3ja \u00e9s vezet\u0151je az AdrienneFeller \u00e9s Panarom m\u00e1rk\u00e1knak&#8221; admin_label=&#8221;Hassan Alaghband&#8221; module_class=&#8221;gm-testimonial-box white-bg border-radius box-shadow&#8221; _builder_version=&#8221;4.9.4&#8243; author_text_align=&#8221;left&#8221; position_font_size=&#8221;12px&#8221; use_background_color=&#8221;off&#8221; border_style=&#8221;solid&#8221;]<\/p>\n<p>Gin\u00e1t rendk\u00edv\u00fcl kedves, el\u0151z\u00e9keny \u00e9s becs\u00fcletes embernek ismertem meg, \u00fagy is mint tanul\u00f3, \u00e9s \u00fagy is mint munkat\u00e1rs.<br \/>\nMind a pontoss\u00e1g, a hum\u00e1nus gondolkod\u00e1s \u00e9s szakmais\u00e1g az \u0151 munk\u00e1j\u00e1ban k\u00e9z a k\u00e9zben j\u00e1rnak.<br \/>\nAz\u00e9rt is \u00e9reztem magamhoz k\u00f6zel Gin\u00e1t t\u00fal azon, hogy sok mindenben egym\u00e1sra tudtunk tal\u00e1lni, \u00fagy is mint edz\u0151m \u00e9s \u00fagy is mint egy ir\u00e1nyba gondolkod\u00f3 \u00e9s \u00e9rdekl\u0151d\u00e9sben j\u00e1r\u00f3, mert egy picit tal\u00e1n fiatal \u00f6nmagamat l\u00e1ttam benne, akit nem t\u00f6r meg semmi neh\u00e9zs\u00e9g, hisz az \u00e1lmaiban \u00e9s van mindig energi\u00e1ja m\u00e1sokkal kapcsol\u00f3dni, ak\u00e1r m\u00e1soknak seg\u00edts\u00e9get ny\u00fajtani.<br \/>\nPrecizit\u00e1s, pontoss\u00e1g, nagylelk\u0171s\u00e9g, m\u00e9ly hit \u00e9s egyeness\u00e9g jellemzi.<br \/>\n\u0150szint\u00e9n nem tudok m\u00e1st k\u00edv\u00e1nni neki, mint hogy teljes\u00fclj\u00f6n \u00e1lma, \u00e9s min\u00e9l t\u00f6bb emberhez jusson el az \u0151 tud\u00e1sa \u00e9s seg\u00edts\u00e9gny\u00fajt\u00e1sa, mert a munk\u00e1ja \u00e1ltal azt gondolom gazdagabbak lesznek m\u00e1sok \u00e9s gazdagabb lesz a vil\u00e1gunk is.<\/p>\n<p>[\/et_pb_testimonial][et_pb_testimonial author=&#8221;Hassan Alaghband&#8221; admin_label=&#8221;Hassan Alaghband&#8221; module_class=&#8221;gm-testimonial-box white-bg border-radius box-shadow et-waypoint et_pb_animation_bottom&#8221; _builder_version=&#8221;3.2&#8243; use_background_color=&#8221;off&#8221; border_style=&#8221;solid&#8221;]Georgina messze a legjobb edz\u0151, akivel valaha edzettem. Mosollyal az arc\u00e1n hozta ki a maximumot bel\u0151lem; el\u0151re eltervezte a gyakorlatokat; mindig volt valami \u00faj, \u00edgy soha nem volt unalmas az edz\u00e9s; soha nem kock\u00e1ztatta meg hogy megs\u00e9r\u00fcljek, azzal hogy olyat k\u00e9r, amit nem tudok teljes\u00edteni; \u00e9s mindig lelkes\u00edt\u0151 volt a nagyon pozit\u00edv hozz\u00e1\u00e1ll\u00e1sa. A londoni f\u00e9lmaratonra is felk\u00e9sz\u00edtett 3 h\u00f3nap alatt, amit nagyon j\u00f3 id\u0151vel z\u00e1rtam \u00e9s m\u00e9g maradt energi\u00e1m az aznap esti 10 \u00f3r\u00e1s rep\u00fcl\u0151\u0171tra. \u00dagy gondolom, hogy az \u00f6sszes kliense nev\u00e9ben besz\u00e9lek, amikor azt mondom, hogy nemzeti gy\u00e1sznapot tartottunk, amikor meghallottuk, hogy hazak\u00f6lt\u00f6zik. Rem\u00e9lj\u00fck, hogy egy nap visszaj\u00f6n!<br \/>\n[\/et_pb_testimonial][et_pb_testimonial author=&#8221;Amanda Deitsch, London&#8221; admin_label=&#8221;Amanda Deitsch, London&#8221; module_class=&#8221;gm-testimonial-box white-bg border-radius box-shadow et-waypoint et_pb_animation_bottom&#8221; _builder_version=&#8221;3.2&#8243; use_background_color=&#8221;off&#8221; border_style=&#8221;solid&#8221;]Georgina kiv\u00e9teles edz\u0151 \u00e9s csod\u00e1latos szem\u00e9lyis\u00e9g. Kedves szem\u00e9lyis\u00e9ge meghazudtolja az ac\u00e9loss\u00e1g\u00e1t, ami azt ig\u00e9nyli, hogy minden egyes edz\u00e9sen a legjobbadat ny\u00fajtsd. K\u00e9rd\u00e9s n\u00e9lk\u00fcl a legjobb edz\u0151, akivel valaha tal\u00e1lkoztam. Nagyon odafigyel a r\u00e9szletekre az optim\u00e1lis eredm\u00e9ny el\u00e9r\u00e9s\u00e9hez, mik\u00f6zben nem kock\u00e1ztatja, hogy megs\u00e9r\u00fclj. Csendesen ir\u00e1nyt mutat \u00e9s kihozza bel\u0151led a legambici\u00f3zusabb \u00e9nedet, \u00f6szt\u00f6n\u00f6zve arra, hogy fel\u00fclm\u00fald \u00f6nmagad, megfelelj a c\u00e9ljaidnak, \u00fajakat form\u00e1lj, mik\u00f6zben \u00e1lland\u00f3 k\u00e9szenl\u00e9tre \u00f6szt\u00f6n\u00f6z a folyton v\u00e1ltoz\u00f3 gyakorlatokkal \u00e9s kih\u00edv\u00e1sokkal. Komolyan veszi a munk\u00e1j\u00e1t \u00e9s nagy eredm\u00e9nyeket \u00e9r el. Egy olyan szem\u00e9ly, aki vonakodik az edz\u0151termi edz\u00e9st\u0151l \u00e9s \u00e1ltal\u00e1ban unalmasnak tartja azt, m\u00e9gis \u00e9lveztem \u00e9s mindig v\u00e1rtam az edz\u00e9seket Georgin\u00e1val. A nyugodt m\u00f3dszere, hat\u00e9kony edz\u00e9se \u00e9s kreativit\u00e1sa a munk\u00e1t \u00f6r\u00f6mm\u00e9 teszi. M\u00e1r nem tudok vele szem\u00e9lyesen edzeni, alig v\u00e1rom, hogy online folytassuk! Mi\u00e9rt pr\u00f3b\u00e1ln\u00e1l ki valaki m\u00e1st, ha megtal\u00e1ltad a legjobbat!<br \/>\n[\/et_pb_testimonial][et_pb_testimonial author=&#8221;Anil Prasad&#8221; admin_label=&#8221;Anil Prasad&#8221; module_class=&#8221;gm-testimonial-box white-bg border-radius box-shadow et-waypoint et_pb_animation_bottom&#8221; _builder_version=&#8221;3.2&#8243; use_background_color=&#8221;off&#8221; border_style=&#8221;solid&#8221;]A Peak Health Club Londonban edzettem egy\u00fctt Georgin\u00e1val.<br \/>\n\u0150 a t\u00f6k\u00e9letes kombin\u00e1ci\u00f3ja a kem\u00e9ny \u00e9s bar\u00e1ts\u00e1gos edz\u0151nek. Az \u00e1ltalam el\u00e9rt eredm\u00e9nyek nagyr\u00e9szt Georgina t\u00f6k\u00e9letes kombin\u00e1ci\u00f3j\u00e1nak k\u00f6sz\u00f6nhet\u0151, a v\u00e1ltozatos edz\u00e9sm\u00f3dszereinek, az egy\u00e9nre szabott programj\u00e1nak, a kih\u00edv\u00e1st jelent\u0151, m\u00e9gis megval\u00f3s\u00edthat\u00f3 c\u00e9lbe\u00e1ll\u00edt\u00e1s\u00e1nak \u00e9s a r\u00e9szletes t\u00e1pl\u00e1lkoz\u00e1si tan\u00e1csoknak. Miatta lettem er\u0151sebb, sz\u00e1lk\u00e1sabb, hajl\u00e9konyabb, er\u0151sebb core izmaim vannak, \u00e9s a legfontosabb, hogy az edz\u00e9s \u00e9lvezhet\u0151v\u00e9 v\u00e1lt!<br \/>\nM\u00e1s edz\u0151kkel is egy\u00fctt dolgozva mondhatom, hogy Georgina az egyik legjobb.<br \/>\n[\/et_pb_testimonial][\/et_pb_column][et_pb_column type=&#8221;1_3&#8243; _builder_version=&#8221;3.25&#8243; background_position=&#8221;top_left&#8221; custom_padding=&#8221;|||&#8221; custom_padding__hover=&#8221;|||&#8221;][et_pb_testimonial author=&#8221;Gianni Annoni&#8221; job_title=&#8221;Tulajdonos Trattoria Pomo D\u2019oro \u00e9tterem&#8221; admin_label=&#8221;Farah Londonb\u00f3l&#8221; module_class=&#8221;gm-testimonial-box white-bg border-radius box-shadow et-waypoint et_pb_animation_bottom&#8221; _builder_version=&#8221;4.9.4&#8243; use_background_color=&#8221;off&#8221; border_style=&#8221;solid&#8221;]<\/p>\n<p><span style=\"font-weight: 400;\">Gina nagyon profin egy mindenre kiterjed\u0151 k\u00e9rd\u0151\u00edvvel fogadott. Hab\u00e1r csak edz\u00e9sre jelentkeztem n\u00e1la, az \u00e9letm\u00f3dom minden ter\u00fclet\u00e9re kit\u00e9rt\u00fcnk, hiszen csak teljes k\u00e9pet kapva kezd el b\u00e1rkit is edzeni. Az edz\u00e9seket \u00fcgyesen tervezte meg, megold\u00e1st tudott tal\u00e1lni a t\u00e9rdprobl\u00e9m\u00e1m \u00e1ltali korl\u00e1tokra. T\u00fcrelmes, hum\u00e1nus, magas szaktud\u00e1s\u00fa, \u00e9s flexibilisen tudta menedzselni az elfoglalts\u00e1gomb\u00f3l ad\u00f3d\u00f3 kih\u00edv\u00e1sokat. Sajnos r\u00f6vid ideig tudtunk egy\u00fctt edzeni, de az nagyon sokat seg\u00edtett a t\u00e9rdeim \u00e1llapot\u00e1n.<\/span><\/p>\n<p>[\/et_pb_testimonial][et_pb_testimonial author=&#8221;D\u00e1vid Budapestr\u0151l&#8221; admin_label=&#8221;Susan Londonb\u00f3l&#8221; module_class=&#8221;gm-testimonial-box white-bg border-radius box-shadow et-waypoint et_pb_animation_bottom&#8221; _builder_version=&#8221;4.9.4&#8243; use_background_color=&#8221;off&#8221; border_style=&#8221;solid&#8221;]<\/p>\n<p><span style=\"font-weight: 400;\">M\u00e9reteimb\u0151l ad\u00f3d\u00f3an els\u0151re unortodox \u00f6tletnek t\u0171nt, hogy n\u0151i edz\u0151t v\u00e1lasszak. Gina l\u00e9nyegesen szer\u00e9nyebb m\u00e9retekkel \u00e9s izomer\u0151vel rendelkezik, mint \u00e9n, ezt a h\u00e1tr\u00e1nyt azonban katonai kik\u00e9pz\u0151ket meghazudtol\u00f3 munkaetik\u00e1j\u00e1val \u00e9s az edz\u00e9sgyakorlatok miatt \u00e9rzett fizikai f\u00e1jdalom ir\u00e1ny\u00e1ban tan\u00fas\u00edtott teljes emp\u00e1tia-hi\u00e1ny\u00e1val kompenz\u00e1lja. Igen pozit\u00edv attit\u0171dj\u00e9nek k\u00f6sz\u00f6nhet\u0151en Gina sz\u00e1m\u00e1ra az edz\u00e9sek mindig vid\u00e1man telnek, m\u00e9g akkor is, amikor fizikai teljes\u00edt\u0151k\u00e9pess\u00e9gem v\u00e9gs\u0151 hat\u00e1raihoz \u00e9rkezem.<\/span><\/p>\n<p><span style=\"font-weight: 400;\">Komolyra ford\u00edtva a sz\u00f3t: tapasztalataim szerint kev\u00e9s szem\u00e9lyi edz\u0151 rendelkezik Gin\u00e1hoz hasonl\u00f3 anat\u00f3miai tud\u00e1ssal, valamint ezt kieg\u00e9sz\u00edt\u0151 alternat\u00edv ter\u00e1pi\u00e1s (pl. aromater\u00e1pi\u00e1s) \u00e9s a megfelel\u0151 t\u00e1pl\u00e1lkoz\u00e1st seg\u00edt\u0151 ismeretekkel. Ez sz\u00e1momra k\u00fcl\u00f6n\u00f6sen fontos a k\u00f6z\u00f6s, rendk\u00edv\u00fcl hat\u00e9kony munka sor\u00e1n, mivel Gina akt\u00edvan seg\u00edti az edz\u00e9sek k\u00f6z\u00f6tt regener\u00e1l\u00f3d\u00e1st is. Gin\u00e1t mindenk\u00e9pp aj\u00e1nlom, ak\u00e1r azoknak, akiknek puszt\u00e1n rendszert \u00e9s strukt\u00far\u00e1t kell vinni\u00fck az edz\u00e9seikbe, de olyanoknak is, akik azt hiszik magukr\u00f3l, hogy \u00e9lsportol\u00f3i kvalit\u00e1sokkal rendelkeznek!<\/span><\/p>\n<p>[\/et_pb_testimonial][et_pb_testimonial author=&#8221;Susan Londonb\u00f3l&#8221; admin_label=&#8221;Susan Londonb\u00f3l&#8221; module_class=&#8221;gm-testimonial-box white-bg border-radius box-shadow et-waypoint et_pb_animation_bottom&#8221; _builder_version=&#8221;3.2&#8243; use_background_color=&#8221;off&#8221; border_style=&#8221;solid&#8221;]Sok szem\u00e9lyi edz\u0151m volt, de Georgina messze a legjobb. A technikai tud\u00e1sa csod\u00e1latos, mindig kem\u00e9nyen edz t\u00e9ged, hogy legyen eredm\u00e9nye, ezen fel\u00fcl nagyon empatikus.<br \/>\nEdzettebb voltam, nagyobb izomer\u0151m volt \u00e9s fogytam, am\u00edg vele edzettem. Kem\u00e9nyen dolgoztam \u00e9s nagyon sokat utaztam, \u00edgy mindig f\u00e1radtnak \u00e9reztem magam, de egy edz\u00e9s Georgin\u00e1val mindig visszalend\u00edtett a ker\u00e9kv\u00e1g\u00e1sba.<br \/>\n[\/et_pb_testimonial][et_pb_testimonial author=&#8221;Lee Carpenter, London&#8221; admin_label=&#8221;Lee Carpenter, London&#8221; module_class=&#8221;gm-testimonial-box white-bg border-radius box-shadow et-waypoint et_pb_animation_bottom&#8221; _builder_version=&#8221;3.2&#8243; use_background_color=&#8221;off&#8221; border_style=&#8221;solid&#8221;]Georgina rendk\u00edv\u00fcli\/fantasztikus edz\u0151 \u00e9s sajn\u00e1ltam, hogy elk\u00f6lt\u00f6z\u00f6tt. Elk\u00f6telezett \u00e9s felk\u00e9sz\u00fclt edz\u0151. Amikor elkezdtem vele edzeni, akkor egy t\u00e9rd s\u00e9r\u00fcl\u00e9sb\u0151l l\u00e1badoztam. Kem\u00e9nyen dolgozott a l\u00e1bizomer\u0151m fel\u00e9p\u00edt\u00e9s\u00e9n \u00e9s p\u00e1r h\u00f3nap m\u00falva 1\/2lb helyett m\u00e1r 10lb s\u00falyt haszn\u00e1ltunk. Mai napig haszn\u00e1lom a gyakorlatokat, amelyeket tan\u00edtott nekem. Csak aj\u00e1nlani tudom \u0151t.<br \/>\n[\/et_pb_testimonial][\/et_pb_column][et_pb_column type=&#8221;1_3&#8243; _builder_version=&#8221;3.25&#8243; custom_padding=&#8221;|||&#8221; custom_padding__hover=&#8221;|||&#8221;][et_pb_testimonial author=&#8221;Feh\u00e9rv\u00e1ry-M\u00e9nes Anna&#8221; job_title=&#8221;\u00dajs\u00e1g\u00edr\u00f3, \u00fcgyv\u00e9d&#8221; admin_label=&#8221;Bibi Londonb\u00f3l&#8221; module_class=&#8221;gm-testimonial-box white-bg border-radius box-shadow et-waypoint et_pb_animation_bottom&#8221; _builder_version=&#8221;4.9.4&#8243; use_background_color=&#8221;off&#8221; border_style=&#8221;solid&#8221;]<\/p>\n<p><span style=\"font-weight: 400;\">Az\u00e9rt szeretek Gin\u00e1val dolgozni, mert az edz\u00e9sei kem\u00e9nyek, de k\u00f6zben nagyon j\u00f3l sz\u00f3rakozunk. Pontosan tudja, hol vannak a hat\u00e1raim, amelyeket \u00f3r\u00e1r\u00f3l-\u00f3r\u00e1ra egy\u00fctt feszeget\u00fcnk. N\u00e1la kedvesebben \u00e9s mosolyg\u00f3sabban senki nem tud extra neh\u00e9z feladatokat adni!<\/span><\/p>\n<p>[\/et_pb_testimonial][et_pb_testimonial author=&#8221;Andrew&#8221; job_title=&#8221;Zongorista&#8221; admin_label=&#8221;John Beckwith&#8221; module_class=&#8221;gm-testimonial-box white-bg border-radius box-shadow et-waypoint et_pb_animation_bottom&#8221; _builder_version=&#8221;4.9.4&#8243; use_background_color=&#8221;off&#8221; border_style=&#8221;solid&#8221;]<\/p>\n<p>Georgina \u00fcgyfelek\u00e9nt megtiszteltet\u00e9snek \u00e9rzem \u00e9s hihetetlen\u00fcl meghat\u00f3 az \u00e1lland\u00f3 figyelme, amit kiv\u00e9tel n\u00e9lk\u00fcl \u00f6sszes kliens\u00e9re ford\u00edt.<br \/>\nMinden alkalommal, amikor \u00fczenetet k\u00fcld nekem, hallom l\u00e1gy, mindig halk, felemel\u0151 \u00e9s megnyugtat\u00f3 hangj\u00e1t. \u00dagy gondolom \u0151 egy figyelemre m\u00e9lt\u00f3, rendk\u00edv\u00fcli n\u0151, akinek nagyszer\u0171 term\u00e9szetes potenci\u00e1lja van abban, hogy seg\u00edtsen az embereken. Alig v\u00e1rom, hogy \u00fajra szem\u00e9lyesen edzhessek vele!<\/p>\n<p>[\/et_pb_testimonial][et_pb_testimonial author=&#8221;Farah Londonb\u00f3l&#8221; admin_label=&#8221;Farah Londonb\u00f3l&#8221; module_class=&#8221;gm-testimonial-box white-bg border-radius box-shadow et-waypoint et_pb_animation_bottom&#8221; _builder_version=&#8221;3.2&#8243; use_background_color=&#8221;off&#8221; border_style=&#8221;solid&#8221;]Nagy megtiszteltet\u00e9s, hogy Georgin\u00e1val edzhettem am\u00edg Londonban \u00e9lt, a Peak Health Clubban a Carlton Tower Hotelen bel\u00fcl.<br \/>\nAz elm\u00falt 25 \u00e9vben szem\u00e9lyi edz\u0151kkel edzettem, mint rendszeres edz\u0151termi tag, \u00e9s l\u00e1ttam sok edz\u0151t.<br \/>\nGeorgin\u00e1t v\u00e1lasztottam, mert rendk\u00edv\u00fcl k\u00e9pzett az emberi anat\u00f3mi\u00e1ban \u00e9s \u00e9lettanban.<br \/>\nTudja, hogyan kell c\u00e9lter\u00fcleteket edzeni \u00e9s eredm\u00e9nyeket el\u00e9rni. Georgina rendk\u00edv\u00fcl professzion\u00e1lis, hat\u00e1rozott, de nem irre\u00e1lis.<br \/>\nNincs k\u00e9t egyforma edz\u00e9s, \u00edgy soha sem untam meg azt. Az edz\u00e9sei \u00e9s gyakorlat reperto\u00e1rja t\u00falny\u00falik egy tank\u00f6nyv\u00f6n \u00e9s vagy egy 2 \u00f3r\u00e1s vide\u00f3n!<br \/>\nA profi edz\u00e9snek k\u00f6sz\u00f6nhet\u0151en, Georgina j\u00f3l felszerelt volt ahhoz, hogy megoldja a csukl\u00f3, l\u00e1bfej \u00e9s \u00edn probl\u00e9m\u00e1imat.<br \/>\nSzomor\u00fa voltam Georgin\u00e1t l\u00e1tni elmenni \u00e9s nagyon hi\u00e1nyzik az edz\u00e9s vele.<br \/>\nKliensk\u00e9nt szerencs\u00e9s vagyok, hogy megtal\u00e1ltam \u0151t. Nagyszer\u0171 kezekben vagy. J\u00f3 edz\u00e9st!<br \/>\n[\/et_pb_testimonial][et_pb_testimonial author=&#8221;Bibi Londonb\u00f3l&#8221; admin_label=&#8221;Bibi Londonb\u00f3l&#8221; module_class=&#8221;gm-testimonial-box white-bg border-radius box-shadow et-waypoint et_pb_animation_bottom&#8221; _builder_version=&#8221;3.2&#8243; use_background_color=&#8221;off&#8221; border_style=&#8221;solid&#8221;]Kih\u00edv\u00e1st jelent\u0151 \u00e9s dinamikus, a k\u00e9t sz\u00f3 amivel a legjobban jellemezni tudom Georgina edz\u00e9seit. Az els\u0151 napt\u00f3l kezdve befektet a te fejl\u0151d\u00e9sedbe \u00e9s passionate dolgozik, hogy el\u00e9rd a c\u00e9ljaidat. Mindig figyel arra, biztos akar lenni abban, hogy megfelel\u0151en v\u00e9gzed el a gyakorlatokat \u00e9s j\u00f3 technik\u00e1val, mik\u00f6zben a maximumot hozza ki bel\u0151led, hogy el\u00e9rd az eredm\u00e9nyeidet. Hihetetlen\u00fcl t\u00e1mogat\u00f3, j\u00f3zan szem\u00e9lyis\u00e9g \u00e9s nagyszer\u0171 edz\u0151!<br \/>\n[\/et_pb_testimonial][et_pb_testimonial author=&#8221;SIR John Beckwith&#8221; admin_label=&#8221;John Beckwith&#8221; module_class=&#8221;gm-testimonial-box white-bg border-radius box-shadow et-waypoint et_pb_animation_bottom&#8221; _builder_version=&#8221;3.2&#8243; use_background_color=&#8221;off&#8221; border_style=&#8221;solid&#8221;]Georgie k\u00e9ts\u00e9g k\u00edv\u00fcl a legmotiv\u00e1l\u00f3bb edz\u0151 \u2013 mindig v\u00e1rtam az edz\u00e9seket \u00e9s \u00e1ltala r\u00e1j\u00f6ttem, hogy az edz\u00e9s \u00e9lvezhet\u0151 is lehet.<br \/>\nMinden edz\u00e9s r\u00e9szletesen, el\u0151re meg volt tervezve \u00e9s mindig valami m\u00e1s ter\u00fcletet c\u00e9lzott meg, mint az el\u0151z\u0151 edz\u00e9sen, agubami nekem nagyon fontos, mert ez mindig inspir\u00e1l.<br \/>\nGeorgie mindig mosolyg\u00f3s, humoros \u00e9s hum\u00e1nus, kiv\u00e9teles edz\u0151.<br \/>\n[\/et_pb_testimonial][\/et_pb_column][\/et_pb_row][\/et_pb_section]<\/p>\n<span class=\"et_bloom_bottom_trigger\"><\/span>","protected":false},"excerpt":{"rendered":"<p>[et_pb_section fb_built=&#8221;1&#8243; fullwidth=&#8221;on&#8221; _builder_version=&#8221;3.22&#8243;][et_pb_fullwidth_header title=&#8221;V\u00e9lem\u00e9nyek&#8221; text_orientation=&#8221;center&#8221; header_fullscreen=&#8221;on&#8221; header_scroll_down=&#8221;on&#8221; scroll_down_icon=&#8221;%%1%%&#8221; background_overlay_color=&#8221;rgba(25,2,30,0.5)&#8221; content_max_width=&#8221;none&#8221; module_class=&#8221;et-waypoint et_pb_animation_bottom&#8221; _builder_version=&#8221;4.9.4&#8243; background_color=&#8221;rgba(255, 255, 255, 0)&#8221; background_image=&#8221;https:\/\/georganicmethod.com\/hu\/wp-content\/uploads\/2023\/08\/velemenyek.jpg&#8221; parallax=&#8221;on&#8221; parallax_method=&#8221;on&#8221; button_one_letter_spacing_hover=&#8221;0&#8243; button_two_letter_spacing_hover=&#8221;0&#8243; button_one_text_size__hover_enabled=&#8221;off&#8221; button_two_text_size__hover_enabled=&#8221;off&#8221; button_one_text_color__hover_enabled=&#8221;off&#8221; button_two_text_color__hover_enabled=&#8221;off&#8221; button_one_border_width__hover_enabled=&#8221;off&#8221; button_two_border_width__hover_enabled=&#8221;off&#8221; button_one_border_color__hover_enabled=&#8221;off&#8221; button_two_border_color__hover_enabled=&#8221;off&#8221; button_one_border_radius__hover_enabled=&#8221;off&#8221; button_two_border_radius__hover_enabled=&#8221;off&#8221; button_one_letter_spacing__hover_enabled=&#8221;on&#8221; button_one_letter_spacing__hover=&#8221;0&#8243; button_two_letter_spacing__hover_enabled=&#8221;on&#8221; button_two_letter_spacing__hover=&#8221;0&#8243; button_one_bg_color__hover_enabled=&#8221;off&#8221; button_two_bg_color__hover_enabled=&#8221;off&#8221;][\/et_pb_fullwidth_header][\/et_pb_section][et_pb_section fb_built=&#8221;1&#8243; module_class=&#8221;gm-section grey-bg&#8221; _builder_version=&#8221;3.22&#8243;][et_pb_row module_class=&#8221;gm-row&#8221; _builder_version=&#8221;3.25&#8243;][et_pb_column type=&#8221;4_4&#8243; _builder_version=&#8221;3.25&#8243; background_position=&#8221;top_left&#8221; custom_padding=&#8221;|||&#8221; custom_padding__hover=&#8221;|||&#8221;][et_pb_text admin_label=&#8221;r\u00f3lam mondt\u00e1k (c\u00edm)&#8221; module_class=&#8221;section-title dark-title [&hellip;]<\/p>\n","protected":false},"author":20,"featured_media":0,"parent":0,"menu_order":0,"comment_status":"closed","ping_status":"closed","template":"","meta":{"_et_pb_use_builder":"on","_et_pb_old_content":"","_et_gb_content_width":"","footnotes":""},"class_list":["post-5177","page","type-page","status-publish","hentry"],"_links":{"self":[{"href":"https:\/\/georganicmethod.com\/hu\/wp-json\/wp\/v2\/pages\/5177","targetHints":{"allow":["GET"]}}],"collection":[{"href":"https:\/\/georganicmethod.com\/hu\/wp-json\/wp\/v2\/pages"}],"about":[{"href":"https:\/\/georganicmethod.com\/hu\/wp-json\/wp\/v2\/types\/page"}],"author":[{"embeddable":true,"href":"https:\/\/georganicmethod.com\/hu\/wp-json\/wp\/v2\/users\/20"}],"replies":[{"embeddable":true,"href":"https:\/\/georganicmethod.com\/hu\/wp-json\/wp\/v2\/comments?post=5177"}],"version-history":[{"count":5,"href":"https:\/\/georganicmethod.com\/hu\/wp-json\/wp\/v2\/pages\/5177\/revisions"}],"predecessor-version":[{"id":5450,"href":"https:\/\/georganicmethod.com\/hu\/wp-json\/wp\/v2\/pages\/5177\/revisions\/5450"}],"wp:attachment":[{"href":"https:\/\/georganicmethod.com\/hu\/wp-json\/wp\/v2\/media?parent=5177"}],"curies":[{"name":"wp","href":"https:\/\/api.w.org\/{rel}","templated":true}]}}