{"id":5295,"date":"2023-08-16T10:02:51","date_gmt":"2023-08-16T10:02:51","guid":{"rendered":"https:\/\/georganicmethod.com\/hu\/?page_id=5295"},"modified":"2024-01-17T18:10:56","modified_gmt":"2024-01-17T18:10:56","slug":"aromaterapias-konzultacio","status":"publish","type":"page","link":"https:\/\/georganicmethod.com\/hu\/aromaterapias-konzultacio\/","title":{"rendered":"Aromater\u00e1pi\u00e1s konzult\u00e1ci\u00f3"},"content":{"rendered":"<p>[et_pb_section fb_built=&#8221;1&#8243; fullwidth=&#8221;on&#8221; _builder_version=&#8221;3.22&#8243;][et_pb_fullwidth_header title=&#8221;Aromater\u00e1pi\u00e1s konzult\u00e1ci\u00f3&#8221; text_orientation=&#8221;center&#8221; header_fullscreen=&#8221;on&#8221; header_scroll_down=&#8221;on&#8221; scroll_down_icon=&#8221;%%1%%&#8221; background_overlay_color=&#8221;rgba(25,2,30,0.5)&#8221; content_max_width=&#8221;none&#8221; module_class=&#8221;et-waypoint et_pb_animation_bottom&#8221; _builder_version=&#8221;4.9.4&#8243; background_color=&#8221;rgba(255, 255, 255, 0)&#8221; background_image=&#8221;https:\/\/georganicmethod.com\/hu\/wp-content\/uploads\/2023\/08\/VCS_BG_m_5th_007.jpg&#8221; button_one_letter_spacing_hover=&#8221;0&#8243; button_two_letter_spacing_hover=&#8221;0&#8243; button_one_text_size__hover_enabled=&#8221;off&#8221; button_two_text_size__hover_enabled=&#8221;off&#8221; button_one_text_color__hover_enabled=&#8221;off&#8221; button_two_text_color__hover_enabled=&#8221;off&#8221; button_one_border_width__hover_enabled=&#8221;off&#8221; button_two_border_width__hover_enabled=&#8221;off&#8221; button_one_border_color__hover_enabled=&#8221;off&#8221; button_two_border_color__hover_enabled=&#8221;off&#8221; button_one_border_radius__hover_enabled=&#8221;off&#8221; button_two_border_radius__hover_enabled=&#8221;off&#8221; button_one_letter_spacing__hover_enabled=&#8221;on&#8221; button_one_letter_spacing__hover=&#8221;0&#8243; button_two_letter_spacing__hover_enabled=&#8221;on&#8221; button_two_letter_spacing__hover=&#8221;0&#8243; button_one_bg_color__hover_enabled=&#8221;off&#8221; button_two_bg_color__hover_enabled=&#8221;off&#8221;][\/et_pb_fullwidth_header][\/et_pb_section][et_pb_section fb_built=&#8221;1&#8243; module_class=&#8221;gm-section&#8221; _builder_version=&#8221;3.22&#8243; custom_padding=&#8221;101px|||||&#8221;][et_pb_row column_structure=&#8221;3_4,1_4&#8243; make_equal=&#8221;on&#8221; _builder_version=&#8221;4.9.4&#8243; _module_preset=&#8221;default&#8221; custom_padding=&#8221;0px|||||&#8221;][et_pb_column type=&#8221;3_4&#8243; _builder_version=&#8221;4.9.4&#8243; _module_preset=&#8221;default&#8221; custom_css_main_element=&#8221;display: flex;||align-items: center&#8221;][et_pb_text _builder_version=&#8221;4.9.4&#8243; _module_preset=&#8221;default&#8221;]<\/p>\n<p><strong>Nemzetk\u00f6zileg akkredit\u00e1lt okleveles aromaterapeuta \u00e9s az IFA (Aromaterapeut\u00e1k Nemzetk\u00f6zi Sz\u00f6vets\u00e9ge) t\u00e1rsult tagja vagyok. Tan\u00fas\u00edtv\u00e1nyomat a budapesti Panarom Aromaterapeuta Int\u00e9zetben, Feller Adrienne vezet\u00e9s\u00e9vel szereztem.<\/strong><\/p>\n<p>[\/et_pb_text][\/et_pb_column][et_pb_column type=&#8221;1_4&#8243; _builder_version=&#8221;4.9.4&#8243; _module_preset=&#8221;default&#8221;][et_pb_image src=&#8221;https:\/\/georganicmethod.com\/hu\/wp-content\/uploads\/2023\/08\/JO-logo.png&#8221; title_text=&#8221;JO logo&#8221; _builder_version=&#8221;4.9.4&#8243; _module_preset=&#8221;default&#8221;][\/et_pb_image][\/et_pb_column][\/et_pb_row][et_pb_row column_structure=&#8221;3_4,1_4&#8243; _builder_version=&#8221;4.9.4&#8243; _module_preset=&#8221;default&#8221;][et_pb_column type=&#8221;3_4&#8243; _builder_version=&#8221;4.9.4&#8243; _module_preset=&#8221;default&#8221;][et_pb_text _builder_version=&#8221;4.9.4&#8243; _module_preset=&#8221;default&#8221;]<\/p>\n<p><span style=\"font-weight: 400;\">Az aromater\u00e1pia egy tudom\u00e1nyosan megalapozott medicina, ahol megismerked\u00fcnk a k\u00fcl\u00f6nb\u00f6z\u0151 ill\u00f3olajok \u00e9s aromavizek k\u00e9miai vegy\u00fcleteivel, tulajdons\u00e1gaival. Az ill\u00f3olajok olyan n\u00f6v\u00e9nyi kivonatok, amelyeket desztill\u00e1ci\u00f3val vagy CO2-extrakci\u00f3val \u00e1ll\u00edtanak el\u0151, \u00e9s teljes spektrumot, a n\u00f6v\u00e9ny \u00f6sszes hat\u00f3anyag\u00e1t tartalmazz\u00e1k. A pontos k\u00e9miai t\u00e9rk\u00e9p hat\u00e1rozza meg a tulajdons\u00e1gokat \u00e9s az alkalmaz\u00e1si ter\u00fcleteket.<\/span><\/p>\n<p><span style=\"font-weight: 400;\">Szeretett \u00faj szakter\u00fcletemet be\u00e9p\u00edtettem a Georganic Method Lifestyle menedzsment csomagjaim k\u00f6z\u00e9 aromater\u00e1pi\u00e1s konzult\u00e1ci\u00f3k\u00e9nt, amire mostm\u00e1r k\u00fcl\u00f6n is tudsz id\u0151pontot foglalni \u00e9s a k\u00f6vetkez\u0151 inform\u00e1ci\u00f3khoz jutsz \u00e1ltala:<\/span><\/p>\n<ul>\n<li><span style=\"font-weight: 400;\">Ill\u00f3olajok alkalmaz\u00e1sa<\/span><\/li>\n<li><span style=\"font-weight: 400;\">Az ill\u00f3olajok haszn\u00e1lat\u00e1nak el\u0151nyei<\/span><\/li>\n<li><span style=\"font-weight: 400;\">Hogyan v\u00e1s\u00e1roljuk \u00e9s t\u00e1roljuk az ill\u00f3olajokat<\/span><\/li>\n<li><span style=\"font-weight: 400;\">Hogyan \u00e9p\u00edtsd be az ill\u00f3olajokat az otthoni \u00e9s mindennapi rutinjaidba<\/span><\/li>\n<li><span style=\"font-weight: 400;\">Szem\u00e9lyre szabott tan\u00e1csok arra vonatkoz\u00f3an, hogy melyik ill\u00f3olaj term\u00e9ket haszn\u00e1ld, vagy melyik a legjobb kifejezetten a te sz\u00e1modra<\/span><\/li>\n<li>Teljes \u00fatmutat\u00e1s \u00e9s receptek a m\u00e1r megl\u00e9v\u0151 ill\u00f3olajaiddal kapcsolatban &#8211; ha \u00edgy van, akkor k\u00e9rlek ezeket k\u00e9sz\u00edtsd el\u0151 a konzult\u00e1ci\u00f3 el\u0151tt, hogy mindet \u00e1t tudjuk besz\u00e9lni<\/li>\n<\/ul>\n<p><span style=\"font-weight: 400;\">A <a href=\"https:\/\/georganicmethod.com\/hu\/partnerek\/\">Panarom<\/a> \u00e9s <a href=\"https:\/\/georganicmethod.com\/hu\/partnerek\/\">ADRIENNE FELLER<\/a> m\u00e1rk\u00e1kat k\u00e9pviselem. Hiszek a m\u00e1rk\u00e1k m\u00f6g\u00f6tt \u00e1ll\u00f3 Feller Adrienne szem\u00e9ly\u00e9ben \u00e9s szaktud\u00e1s\u00e1ban, aki nemcsak a m\u00e1rk\u00e1k megalap\u00edt\u00f3ja, de minden term\u00e9k meg\u00e1lmod\u00f3ja is egyben. Az ill\u00f3olajok mindegyike bevizsg\u00e1lt kemot\u00edpus\u00fa, 100%-os tisztas\u00e1g\u00fa, 100%-ban term\u00e9szetes \u00e9s autentikus. Amennyiben nem el\u00e9rhet\u0151ek sz\u00e1modra ezek a term\u00e9kek, \u00fagy a tanulm\u00e1nyaim lehet\u0151v\u00e9 tett\u00e9k, hogy ki tudjam v\u00e1lasztani a jelenlegi vagy potenci\u00e1lis probl\u00e9m\u00e1idra a legjobb sz\u00e1modra el\u00e9rhet\u0151 term\u00e9keket. Gondosan \u00f6ssze\u00e1ll\u00edtottam azoknak a m\u00e1rk\u00e1knak \u00e9s term\u00e9keknek a list\u00e1j\u00e1t, amelyekben a Panarom-on t\u00fal megb\u00edzom \u00e9s megfelelnek a sz\u00ednvonalnak, amit k\u00e9pviselek &#8211; \u00edgy tudom aj\u00e1nlani \u0151ket. Klienseim nagyszer\u0171 eredm\u00e9nyeket \u00e9rtek el Panarom term\u00e9kekkel, illetve nagyon el\u00e9gedettek voltak az egy\u00e9b m\u00e1rk\u00e1s terveimmel is, \u00edgy biztos lehetsz abban, hogy j\u00f3 kezekben vagy.<\/span><\/p>\n<p><b><i>Hogyan m\u0171k\u00f6dik?<\/i><\/b><\/p>\n<p><span style=\"font-weight: 400;\">1. V\u00e1laszthatsz 30 vagy 60 perces konzult\u00e1ci\u00f3im k\u00f6z\u00fcl<\/span><\/p>\n<p>2. Haszn\u00e1ld az al\u00e1bbi linkeket, a fizet\u00e9s kiegyenl\u00edt\u00e9se ut\u00e1n id\u0151pontot tudsz foglalni:<\/p>\n<p style=\"padding-left: 40px;\"><a href=\"https:\/\/calendly.com\/georganicmethod\/30min\" target=\"_blank\" rel=\"noopener\"><b>30 perces id\u0151pontok<\/b><\/a><\/p>\n<p style=\"padding-left: 40px;\"><a href=\"https:\/\/calendly.com\/georganicmethod\/60-minutes-aromatherapy-consultation\" target=\"_blank\" rel=\"noopener\"><b>60 perces id\u0151pontok<\/b><\/a><\/p>\n<p>3. Kapsz egy emailt a h\u00edv\u00e1sunk r\u00e9szleteivel.<\/p>\n<p>4. Konzult\u00e1ci\u00f3nkon megbesz\u00e9lj\u00fck az ig\u00e9nyeidet \u00e9s sz\u00fcks\u00e9gleteidet, plusz:<\/p>\n<ul>\n<li><span style=\"font-weight: 400;\">amennyiben el\u00e9rhet\u0151ek sz\u00e1modra azok a m\u00e1rk\u00e1k, amelyekkel dolgozom, akkor konkr\u00e9t term\u00e9keket aj\u00e1nlok,<\/span><\/li>\n<li><span style=\"font-weight: 400;\">abban az esetben, ha NEM tudsz hozz\u00e1f\u00e9rni azokhoz a m\u00e1rk\u00e1khoz, amelyekkel dolgozom, akkor m\u00e1s olyan m\u00e1rk\u00e1k term\u00e9keit aj\u00e1nlom, amelyekben megb\u00edzok \u00e9s kutat\u00f3munk\u00e1t v\u00e9geztem,<\/span><\/li>\n<li><span style=\"font-weight: 400;\">abban az esetben, ha ezek az eml\u00edtett term\u00e9kek nem kaphat\u00f3ak a k\u00f6rny\u00e9keden, \u00e9s nem tudod online sem megrendelni \u0151ket, akkor ut\u00e1nan\u00e9zek, hogy mi el\u00e9rhet\u0151 sz\u00e1modra \u00e9s alternat\u00edv\u00e1kat k\u00edn\u00e1lok.<\/span><\/li>\n<\/ul>\n<p><span style=\"font-weight: 400;\">FIGYELEM, EZ A SZOLG\u00c1LTAT\u00c1S NEM VISSZAT\u00c9R\u00cdTHET\u0150 \u00c9S FOGLAL\u00c1S UT\u00c1N NEM M\u00d3DOS\u00cdTHAT\u00d3.<\/span><\/p>\n<p><span style=\"font-weight: 400;\">Tekintse meg \u00c1ltal\u00e1nos Szerz\u0151d\u00e9si Felt\u00e9teleinket <\/span><a href=\"https:\/\/georganicmethod.com\/hu\/aszf\/\" target=\"_blank\" rel=\"noopener\"><span style=\"font-weight: 400;\">itt<\/span><\/a><span style=\"font-weight: 400;\">.<\/span><\/p>\n<p>[\/et_pb_text][\/et_pb_column][et_pb_column type=&#8221;1_4&#8243; _builder_version=&#8221;4.9.4&#8243; _module_preset=&#8221;default&#8221;][\/et_pb_column][\/et_pb_row][\/et_pb_section]<\/p>\n<span class=\"et_bloom_bottom_trigger\"><\/span>","protected":false},"excerpt":{"rendered":"<p>[et_pb_section fb_built=&#8221;1&#8243; fullwidth=&#8221;on&#8221; _builder_version=&#8221;3.22&#8243;][et_pb_fullwidth_header title=&#8221;Aromater\u00e1pi\u00e1s konzult\u00e1ci\u00f3&#8221; text_orientation=&#8221;center&#8221; header_fullscreen=&#8221;on&#8221; header_scroll_down=&#8221;on&#8221; scroll_down_icon=&#8221;%%1%%&#8221; background_overlay_color=&#8221;rgba(25,2,30,0.5)&#8221; content_max_width=&#8221;none&#8221; module_class=&#8221;et-waypoint et_pb_animation_bottom&#8221; _builder_version=&#8221;4.9.4&#8243; background_color=&#8221;rgba(255, 255, 255, 0)&#8221; background_image=&#8221;https:\/\/georganicmethod.com\/hu\/wp-content\/uploads\/2023\/08\/VCS_BG_m_5th_007.jpg&#8221; button_one_letter_spacing_hover=&#8221;0&#8243; button_two_letter_spacing_hover=&#8221;0&#8243; button_one_text_size__hover_enabled=&#8221;off&#8221; button_two_text_size__hover_enabled=&#8221;off&#8221; button_one_text_color__hover_enabled=&#8221;off&#8221; button_two_text_color__hover_enabled=&#8221;off&#8221; button_one_border_width__hover_enabled=&#8221;off&#8221; button_two_border_width__hover_enabled=&#8221;off&#8221; button_one_border_color__hover_enabled=&#8221;off&#8221; button_two_border_color__hover_enabled=&#8221;off&#8221; button_one_border_radius__hover_enabled=&#8221;off&#8221; button_two_border_radius__hover_enabled=&#8221;off&#8221; button_one_letter_spacing__hover_enabled=&#8221;on&#8221; button_one_letter_spacing__hover=&#8221;0&#8243; button_two_letter_spacing__hover_enabled=&#8221;on&#8221; button_two_letter_spacing__hover=&#8221;0&#8243; button_one_bg_color__hover_enabled=&#8221;off&#8221; button_two_bg_color__hover_enabled=&#8221;off&#8221;][\/et_pb_fullwidth_header][\/et_pb_section][et_pb_section fb_built=&#8221;1&#8243; module_class=&#8221;gm-section&#8221; _builder_version=&#8221;3.22&#8243; custom_padding=&#8221;101px|||||&#8221;][et_pb_row column_structure=&#8221;3_4,1_4&#8243; make_equal=&#8221;on&#8221; _builder_version=&#8221;4.9.4&#8243; _module_preset=&#8221;default&#8221; custom_padding=&#8221;0px|||||&#8221;][et_pb_column type=&#8221;3_4&#8243; _builder_version=&#8221;4.9.4&#8243; _module_preset=&#8221;default&#8221; custom_css_main_element=&#8221;display: flex;||align-items: center&#8221;][et_pb_text _builder_version=&#8221;4.9.4&#8243; _module_preset=&#8221;default&#8221;] [&hellip;]<\/p>\n","protected":false},"author":20,"featured_media":0,"parent":0,"menu_order":0,"comment_status":"closed","ping_status":"closed","template":"","meta":{"_et_pb_use_builder":"on","_et_pb_old_content":"","_et_gb_content_width":"","footnotes":""},"class_list":["post-5295","page","type-page","status-publish","hentry"],"_links":{"self":[{"href":"https:\/\/georganicmethod.com\/hu\/wp-json\/wp\/v2\/pages\/5295","targetHints":{"allow":["GET"]}}],"collection":[{"href":"https:\/\/georganicmethod.com\/hu\/wp-json\/wp\/v2\/pages"}],"about":[{"href":"https:\/\/georganicmethod.com\/hu\/wp-json\/wp\/v2\/types\/page"}],"author":[{"embeddable":true,"href":"https:\/\/georganicmethod.com\/hu\/wp-json\/wp\/v2\/users\/20"}],"replies":[{"embeddable":true,"href":"https:\/\/georganicmethod.com\/hu\/wp-json\/wp\/v2\/comments?post=5295"}],"version-history":[{"count":15,"href":"https:\/\/georganicmethod.com\/hu\/wp-json\/wp\/v2\/pages\/5295\/revisions"}],"predecessor-version":[{"id":5449,"href":"https:\/\/georganicmethod.com\/hu\/wp-json\/wp\/v2\/pages\/5295\/revisions\/5449"}],"wp:attachment":[{"href":"https:\/\/georganicmethod.com\/hu\/wp-json\/wp\/v2\/media?parent=5295"}],"curies":[{"name":"wp","href":"https:\/\/api.w.org\/{rel}","templated":true}]}}