{"id":5627,"date":"2025-11-13T13:41:06","date_gmt":"2025-11-13T13:41:06","guid":{"rendered":"https:\/\/georganicmethod.com\/hu\/?page_id=5627"},"modified":"2025-11-13T13:42:49","modified_gmt":"2025-11-13T13:42:49","slug":"korabbi-esemenyek","status":"publish","type":"page","link":"https:\/\/georganicmethod.com\/hu\/korabbi-esemenyek\/","title":{"rendered":"Kor\u00e1bbi esem\u00e9nyek"},"content":{"rendered":"<p>[et_pb_section fb_built=&#8221;1&#8243; fullwidth=&#8221;on&#8221; _builder_version=&#8221;4.9.4&#8243;][et_pb_fullwidth_header title=&#8221;Kor\u00e1bbi esem\u00e9nyek&#8221; text_orientation=&#8221;center&#8221; header_scroll_down=&#8221;on&#8221; scroll_down_icon=&#8221;%%1%%&#8221; background_overlay_color=&#8221;rgba(25,2,30,0.5)&#8221; content_max_width=&#8221;none&#8221; module_class=&#8221;et-waypoint et_pb_animation_bottom&#8221; _builder_version=&#8221;4.9.4&#8243; background_color=&#8221;#54b4b6&#8243; background_enable_image=&#8221;off&#8221; parallax=&#8221;on&#8221; parallax_method=&#8221;on&#8221; min_height=&#8221;40vh&#8221; hover_enabled=&#8221;0&#8243; custom_css_main_element=&#8221;display: flex&#8221; button_one_letter_spacing_hover=&#8221;0&#8243; button_two_letter_spacing_hover=&#8221;0&#8243; button_one_text_size__hover_enabled=&#8221;off&#8221; button_two_text_size__hover_enabled=&#8221;off&#8221; button_one_text_color__hover_enabled=&#8221;off&#8221; button_two_text_color__hover_enabled=&#8221;off&#8221; button_one_border_width__hover_enabled=&#8221;off&#8221; button_two_border_width__hover_enabled=&#8221;off&#8221; button_one_border_color__hover_enabled=&#8221;off&#8221; button_two_border_color__hover_enabled=&#8221;off&#8221; button_one_border_radius__hover_enabled=&#8221;off&#8221; button_two_border_radius__hover_enabled=&#8221;off&#8221; button_one_letter_spacing__hover_enabled=&#8221;on&#8221; button_one_letter_spacing__hover=&#8221;0&#8243; button_two_letter_spacing__hover_enabled=&#8221;on&#8221; button_two_letter_spacing__hover=&#8221;0&#8243; button_one_bg_color__hover_enabled=&#8221;off&#8221; button_two_bg_color__hover_enabled=&#8221;off&#8221; sticky_enabled=&#8221;0&#8243;][\/et_pb_fullwidth_header][\/et_pb_section][et_pb_section fb_built=&#8221;1&#8243; module_class=&#8221;gm-section&#8221; _builder_version=&#8221;3.22&#8243;][et_pb_row make_equal=&#8221;on&#8221; _builder_version=&#8221;4.9.4&#8243;][et_pb_column type=&#8221;4_4&#8243; _builder_version=&#8221;3.25&#8243; background_position=&#8221;top_left&#8221; custom_padding=&#8221;|||&#8221; custom_padding__hover=&#8221;|||&#8221;][et_pb_text _builder_version=&#8221;4.9.4&#8243; _module_preset=&#8221;default&#8221; hover_enabled=&#8221;0&#8243; sticky_enabled=&#8221;0&#8243;]<\/p>\n\n    <div class=\"events-list-container\">\n        \n            <div class=\"event-item\">\n                                    <div class=\"event-image\">\n                        <img loading=\"lazy\" decoding=\"async\" width=\"576\" height=\"1024\" src=\"https:\/\/georganicmethod.com\/hu\/wp-content\/uploads\/2025\/11\/aromatherapy-basics_1080x1920-576x1024.jpeg\" class=\"attachment-large size-large wp-post-image\" alt=\"\" \/>                    <\/div>\n                \n                <h4 class=\"event-title\">Aromatherapy Basics ENG angol nyelv\u0171 workshop<\/h4>\n\n                <div class=\"event-content\">\n                    \n<p class=\"has-text-align-left\"><em><em>2,5\u00a0\u00f3r\u00e1s\u00a0workshop<\/em><\/em><\/p>\n\n\n\n<p>2025 november 7.<\/p>\n\n\n\n<p>Panarom Aromaterapeuta Int\u00e9zet<\/p>\n\n\n\n<div style=\"height:30px\" aria-hidden=\"true\" class=\"wp-block-spacer\"><\/div>\n\n\n\n<a class=\"et_pb_button event-cta has-small-font-size\" target=\"_blank\" href=\"https:\/\/www.instagram.com\/reel\/DP4GlN4iHSK\/?utm_source=ig_web_copy_link&#038;igsh=MzRlODBiNWFlZA%3D%3D\">R\u00e9szletek<\/a>\n<span class=\"et_bloom_bottom_trigger\"><\/span>                <\/div>\n\n\n            <\/div>\n\n        \n            <div class=\"event-item\">\n                                    <div class=\"event-image\">\n                        <img loading=\"lazy\" decoding=\"async\" width=\"711\" height=\"730\" src=\"https:\/\/georganicmethod.com\/hu\/wp-content\/uploads\/2025\/11\/IMG_3714.jpg\" class=\"attachment-large size-large wp-post-image\" alt=\"\" srcset=\"https:\/\/georganicmethod.com\/hu\/wp-content\/uploads\/2025\/11\/IMG_3714.jpg 711w, https:\/\/georganicmethod.com\/hu\/wp-content\/uploads\/2025\/11\/IMG_3714-480x493.jpg 480w\" sizes=\"auto, (min-width: 0px) and (max-width: 480px) 480px, (min-width: 481px) 711px, 100vw\" \/>                    <\/div>\n                \n                <h4 class=\"event-title\">AutentikusSz\u00e9ps\u00e9g x Bels\u0151Ragyog\u00e1s ELVONUL\u00c1S<\/h4>\n\n                <div class=\"event-content\">\n                    \n<p class=\"has-text-align-left\"><em><em><em>4 napos elvonul\u00e1s<\/em><\/em><\/em><\/p>\n\n\n\n<p>2025 okt\u00f3ber 22-26.<\/p>\n\n\n\n<p>Normafa Hotel &amp; Retreat<\/p>\n\n\n\n<div style=\"height:30px\" aria-hidden=\"true\" class=\"wp-block-spacer\"><\/div>\n\n\n\n<a class=\"et_pb_button event-cta has-small-font-size\" target=\"_blank\" href=\"https:\/\/normafahotel.hu\/authentic-beauty-inner-glow\/\">R\u00e9szletek<\/a>\n<span class=\"et_bloom_bottom_trigger\"><\/span>                <\/div>\n\n\n            <\/div>\n\n        \n            <div class=\"event-item\">\n                                    <div class=\"event-image\">\n                        <img loading=\"lazy\" decoding=\"async\" width=\"819\" height=\"1024\" src=\"https:\/\/georganicmethod.com\/hu\/wp-content\/uploads\/2025\/11\/Aromaterapia-Szept-workshop-Poszt-819x1024.jpeg\" class=\"attachment-large size-large wp-post-image\" alt=\"\" \/>                    <\/div>\n                \n                <h4 class=\"event-title\">Aromatherapy workshop<\/h4>\n\n                <div class=\"event-content\">\n                    \n<p class=\"has-text-align-left\"><em><em><em><em>2\u00a0\u00f3r\u00e1s\u00a0workshop<\/em><\/em><\/em><\/em><\/p>\n\n\n\n<p>2025 szeptember 27.<\/p>\n\n\n\n<p>YogaSecrets Studio<\/p>\n\n\n\n<div style=\"height:30px\" aria-hidden=\"true\" class=\"wp-block-spacer\"><\/div>\n\n\n\n<a class=\"et_pb_button event-cta has-small-font-size\" target=\"_blank\" href=\"https:\/\/www.instagram.com\/p\/DO8zzIyiBrR\/?utm_source=ig_web_copy_link&#038;igsh=MTFtbzU0OHNlaHZydA==\">R\u00e9szletek<\/a>\n<span class=\"et_bloom_bottom_trigger\"><\/span>                <\/div>\n\n\n            <\/div>\n\n        \n            <div class=\"event-item\">\n                                    <div class=\"event-image\">\n                        <img loading=\"lazy\" decoding=\"async\" width=\"576\" height=\"1024\" src=\"https:\/\/georganicmethod.com\/hu\/wp-content\/uploads\/2025\/11\/AstroLates-Sept-576x1024.jpg\" class=\"attachment-large size-large wp-post-image\" alt=\"\" \/>                    <\/div>\n                \n                <h4 class=\"event-title\">AstroLates workshop<\/h4>\n\n                <div class=\"event-content\">\n                    \n<p class=\"has-text-align-left\"><em><em><em><em><em>3\u00a0\u00f3r\u00e1s\u00a0workshop<\/em><\/em><\/em><\/em><\/em><\/p>\n\n\n\n<p>2025 szeptember 20.<\/p>\n\n\n\n<p>YogaSecrets Studio<\/p>\n\n\n\n<div style=\"height:30px\" aria-hidden=\"true\" class=\"wp-block-spacer\"><\/div>\n\n\n\n<a class=\"et_pb_button event-cta has-small-font-size\" target=\"_blank\" href=\"https:\/\/www.instagram.com\/p\/DOvqf6giNTx\/?utm_source=ig_web_copy_link&#038;igsh=cXloZjJhdzJldGZk\">R\u00e9szletek<\/a>\n<span class=\"et_bloom_bottom_trigger\"><\/span>                <\/div>\n\n\n            <\/div>\n\n        \n            <div class=\"event-item\">\n                                    <div class=\"event-image\">\n                        <img loading=\"lazy\" decoding=\"async\" width=\"819\" height=\"1024\" src=\"https:\/\/georganicmethod.com\/hu\/wp-content\/uploads\/2025\/11\/AuthenticBeauty-Ritual-new-819x1024.jpeg\" class=\"attachment-large size-large wp-post-image\" alt=\"\" \/>                    <\/div>\n                \n                <h4 class=\"event-title\">AuthenticBeauty Rituals<\/h4>\n\n                <div class=\"event-content\">\n                    \n<p class=\"has-text-align-left\"><em><em><em><em><em><em>1\u00a0napos\u00a0ritu\u00e1l\u00e9<\/em><\/em><\/em><\/em><\/em><\/em><\/p>\n\n\n\n<p>2025 szeptember 7.<\/p>\n\n\n\n<p>Normafa Hotel &amp; Retreat<\/p>\n\n\n\n<div style=\"height:30px\" aria-hidden=\"true\" class=\"wp-block-spacer\"><\/div>\n\n\n\n<a class=\"et_pb_button event-cta has-small-font-size\" target=\"_blank\" href=\"https:\/\/georganicmethod.com\/authenticbeauty-rituals\/\">R\u00e9szletek<\/a>\n<span class=\"et_bloom_bottom_trigger\"><\/span>                <\/div>\n\n\n            <\/div>\n\n        \n            <div class=\"event-item\">\n                                    <div class=\"event-image\">\n                        <img loading=\"lazy\" decoding=\"async\" width=\"576\" height=\"1024\" src=\"https:\/\/georganicmethod.com\/hu\/wp-content\/uploads\/2025\/11\/elle-weekend-576x1024.jpeg\" class=\"attachment-large size-large wp-post-image\" alt=\"\" \/>                    <\/div>\n                \n                <h4 class=\"event-title\">AuthenticBeauty el\u0151ad\u00e1s az ELLE Yoga H\u00e9tv\u00e9g\u00e9n<\/h4>\n\n                <div class=\"event-content\">\n                    \n<p class=\"has-text-align-left\"><em><em><em><em><em><em><em>1,5 \u00f3r\u00e1s el\u0151ad\u00e1s<\/em><\/em><\/em><\/em><\/em><\/em><\/em><\/p>\n\n\n\n<p>2025 j\u00fanius 14.<\/p>\n\n\n\n<p>ELLE magazin Yoga Weekend<\/p>\n\n\n\n<div style=\"height:30px\" aria-hidden=\"true\" class=\"wp-block-spacer\"><\/div>\n\n\n\n<a class=\"et_pb_button event-cta has-small-font-size\" target=\"_blank\" href=\"https:\/\/www.instagram.com\/reel\/DK90Uppoldr\/?utm_source=ig_web_copy_link&#038;igsh=MXJmN2h0amZoZW96Zg==\">\u00d6sszefoglal\u00f3<\/a>\n<span class=\"et_bloom_bottom_trigger\"><\/span>                <\/div>\n\n\n            <\/div>\n\n        \n            <div class=\"event-item\">\n                                    <div class=\"event-image\">\n                        <img loading=\"lazy\" decoding=\"async\" width=\"576\" height=\"1024\" src=\"https:\/\/georganicmethod.com\/hu\/wp-content\/uploads\/2025\/11\/AstroLates-6th-June-576x1024.jpeg\" class=\"attachment-large size-large wp-post-image\" alt=\"\" \/>                    <\/div>\n                \n                <h4 class=\"event-title\">AstroLates workshop<\/h4>\n\n                <div class=\"event-content\">\n                    \n<p class=\"has-text-align-left\"><em><em><em><em><em><em><em><em>3&nbsp;\u00f3r\u00e1s&nbsp;workshop<\/em><\/em><\/em><\/em><\/em><\/em><\/em><\/em><\/p>\n\n\n\n<p>2025 j\u00fanius 6.<\/p>\n\n\n\n<p>YogaSecrets Studios<\/p>\n\n\n\n<div style=\"height:30px\" aria-hidden=\"true\" class=\"wp-block-spacer\"><\/div>\n\n\n\n<a class=\"et_pb_button event-cta has-small-font-size\" target=\"_blank\" href=\"https:\/\/www.instagram.com\/p\/DJbjsrzIS9h\/?utm_source=ig_web_copy_link&#038;igsh=YTd2ZGtqYjd1c2lv\">R\u00e9szletek<\/a>\n<span class=\"et_bloom_bottom_trigger\"><\/span>                <\/div>\n\n\n            <\/div>\n\n        \n            <div class=\"event-item\">\n                                    <div class=\"event-image\">\n                        <img loading=\"lazy\" decoding=\"async\" width=\"819\" height=\"1024\" src=\"https:\/\/georganicmethod.com\/hu\/wp-content\/uploads\/2025\/11\/13th-June-AuthenticBeauty-Rituals-819x1024.jpg\" class=\"attachment-large size-large wp-post-image\" alt=\"\" \/>                    <\/div>\n                \n                <h4 class=\"event-title\">AuthenticBeauty Rituals workshop<\/h4>\n\n                <div class=\"event-content\">\n                    \n<p class=\"has-text-align-left\"><em><em><em><em><em><em><em><em><em>4 \u00f3r\u00e1s workshop<\/em><\/em><\/em><\/em><\/em><\/em><\/em><\/em><\/em><\/p>\n\n\n\n<p>2025 j\u00fanius 13.<\/p>\n\n\n\n<p>SoulBuddy Studio<\/p>\n\n\n\n<div style=\"height:30px\" aria-hidden=\"true\" class=\"wp-block-spacer\"><\/div>\n\n\n\n<a class=\"et_pb_button event-cta has-small-font-size\" target=\"_blank\" href=\"https:\/\/www.instagram.com\/p\/DJ4sPPYI0sV\/?utm_source=ig_web_copy_link&#038;igsh=MTFnbGtlZWFyN3NxMQ==\">R\u00e9szletek<\/a>\n<span class=\"et_bloom_bottom_trigger\"><\/span>                <\/div>\n\n\n            <\/div>\n\n        \n            <div class=\"event-item\">\n                                    <div class=\"event-image\">\n                        <img loading=\"lazy\" decoding=\"async\" width=\"805\" height=\"1024\" src=\"https:\/\/georganicmethod.com\/hu\/wp-content\/uploads\/2025\/11\/11th-May-AuthenticBeauty-Rituals-805x1024.jpg\" class=\"attachment-large size-large wp-post-image\" alt=\"\" \/>                    <\/div>\n                \n                <h4 class=\"event-title\">AuthenticBeauty Rituals workshop<\/h4>\n\n                <div class=\"event-content\">\n                    \n<p class=\"has-text-align-left\"><em><em><em><em><em><em><em><em><em>4 \u00f3r\u00e1s workshop<\/em><\/em><\/em><\/em><\/em><\/em><\/em><\/em><\/em><\/p>\n\n\n\n<p>2025 m\u00e1jus 12.<\/p>\n\n\n\n<p>SoulBuddy Studio<\/p>\n\n\n\n<div style=\"height:30px\" aria-hidden=\"true\" class=\"wp-block-spacer\"><\/div>\n\n\n\n<a class=\"et_pb_button event-cta has-small-font-size\" target=\"_blank\" href=\"https:\/\/www.instagram.com\/p\/DIhBJvtIYWK\/?utm_source=ig_web_copy_link&#038;igsh=OTFkOThjb3JwMWoz\">R\u00e9szletek<\/a>\n<span class=\"et_bloom_bottom_trigger\"><\/span>                <\/div>\n\n\n            <\/div>\n\n        \n            <div class=\"event-item\">\n                                    <div class=\"event-image\">\n                        <img loading=\"lazy\" decoding=\"async\" width=\"819\" height=\"1024\" src=\"https:\/\/georganicmethod.com\/hu\/wp-content\/uploads\/2025\/11\/13th-April-AuthenticBeauty-Rituals-819x1024.jpeg\" class=\"attachment-large size-large wp-post-image\" alt=\"\" \/>                    <\/div>\n                \n                <h4 class=\"event-title\">AuthenticBeauty Rituals workshop<\/h4>\n\n                <div class=\"event-content\">\n                    \n<p class=\"has-text-align-left\"><em><em><em><em><em><em><em><em><em>4 \u00f3r\u00e1s workshop<\/em><\/em><\/em><\/em><\/em><\/em><\/em><\/em><\/em><\/p>\n\n\n\n<p>2025 \u00e1prilis 13.<\/p>\n\n\n\n<p>SoulBuddy Studio<\/p>\n\n\n\n<div style=\"height:30px\" aria-hidden=\"true\" class=\"wp-block-spacer\"><\/div>\n\n\n\n<a class=\"et_pb_button event-cta has-small-font-size\" target=\"_blank\" href=\"https:\/\/www.instagram.com\/p\/DHbtez1oVal\/?utm_source=ig_web_copy_link&#038;igsh=cHZ2bnBqZjgxN3N2\">R\u00e9szletek<\/a>\n<span class=\"et_bloom_bottom_trigger\"><\/span>                <\/div>\n\n\n            <\/div>\n\n        \n            <div class=\"event-item\">\n                                    <div class=\"event-image\">\n                        <img loading=\"lazy\" decoding=\"async\" width=\"819\" height=\"1024\" src=\"https:\/\/georganicmethod.com\/hu\/wp-content\/uploads\/2025\/11\/14th-March-AuthenticBeauty-Rituals-819x1024.jpeg\" class=\"attachment-large size-large wp-post-image\" alt=\"\" \/>                    <\/div>\n                \n                <h4 class=\"event-title\">AuthenticBeauty Rituals workshop<\/h4>\n\n                <div class=\"event-content\">\n                    \n<p class=\"has-text-align-left\"><em><em><em><em><em><em><em><em><em>4 \u00f3r\u00e1s workshop<\/em><\/em><\/em><\/em><\/em><\/em><\/em><\/em><\/em><\/p>\n\n\n\n<p>2025 m\u00e1rcius 14.<\/p>\n\n\n\n<p>SoulBuddy Studio<\/p>\n\n\n\n<div style=\"height:30px\" aria-hidden=\"true\" class=\"wp-block-spacer\"><\/div>\n\n\n\n<a class=\"et_pb_button event-cta has-small-font-size\" target=\"_blank\" href=\"https:\/\/www.instagram.com\/reel\/DICQohJI2nG\/?utm_source=ig_web_copy_link&#038;igsh=MzRlODBiNWFlZA==\">\u00cdzel\u00edt\u0151<\/a>\n<span class=\"et_bloom_bottom_trigger\"><\/span>                <\/div>\n\n\n            <\/div>\n\n        \n            <div class=\"event-item\">\n                                    <div class=\"event-image\">\n                        <img loading=\"lazy\" decoding=\"async\" width=\"819\" height=\"1024\" src=\"https:\/\/georganicmethod.com\/hu\/wp-content\/uploads\/2025\/11\/13th-Febr-AuthenticBeauty-Rituals-819x1024.jpeg\" class=\"attachment-large size-large wp-post-image\" alt=\"\" \/>                    <\/div>\n                \n                <h4 class=\"event-title\">AuthenticBeauty Rituals workshop<\/h4>\n\n                <div class=\"event-content\">\n                    \n<p class=\"has-text-align-left\"><em><em><em><em><em><em><em><em><em>4 \u00f3r\u00e1s workshop<\/em><\/em><\/em><\/em><\/em><\/em><\/em><\/em><\/em><\/p>\n\n\n\n<p>2025 febru\u00e1r 13.<\/p>\n\n\n\n<p>SoulBuddy Studio<\/p>\n\n\n\n<div style=\"height:30px\" aria-hidden=\"true\" class=\"wp-block-spacer\"><\/div>\n\n\n\n<a class=\"et_pb_button event-cta has-small-font-size\" target=\"_blank\" href=\"https:\/\/www.instagram.com\/p\/DFVuqmyomEc\/?utm_source=ig_web_copy_link&#038;igsh=MzRlODBiNWFlZA==\">R\u00e9szletek<\/a>\n<span class=\"et_bloom_bottom_trigger\"><\/span>                <\/div>\n\n\n            <\/div>\n\n            <\/div>\n\n    <style>\n        .events-list-container {\n            display: grid;\n            grid-template-columns: repeat(4, 1fr);\n            gap: 30px;\n            margin: 20px 0;\n        }\n\n        @media (max-width: 1200px) {\n            .events-list-container {\n                grid-template-columns: repeat(3, 1fr);\n            }\n        }\n\n        @media (max-width: 900px) {\n            .events-list-container {\n                grid-template-columns: repeat(2, 1fr);\n            }\n        }\n\n        @media (max-width: 600px) {\n            .events-list-container {\n                grid-template-columns: 1fr;\n            }\n        }\n\n        .event-item {\n            border: 1px solid #e0e0e0;\n            padding: 20px;\n            border-radius: 8px;\n            background: #fff;\n            min-width: 0;\n        }\n\n        .event-image {\n            margin-bottom: 15px;\n        }\n\n        .event-image img {\n            width: 100%;\n            height: auto;\n            border-radius: 4px;\n        }\n\n        .event-title {\n            margin: 15px 0 10px;\n            font-size: 1.8rem !important;\n            color: #333;\n        }\n\n        .event-content {\n            margin: 15px 0;\n            line-height: 1.6;\n            color: #666;\n        }\n\n        .event-details-link {\n            margin-top: 15px;\n        }\n\n        .details-button {\n            display: inline-block;\n            padding: 10px 20px;\n            background-color: #0073aa;\n            color: #fff;\n            text-decoration: none;\n            border-radius: 4px;\n            transition: background-color 0.3s ease;\n        }\n\n        .details-button:hover {\n            background-color: #005177;\n        }\n    <\/style>\n\n\n<p>[\/et_pb_text][\/et_pb_column][\/et_pb_row][\/et_pb_section]<\/p>\n<span class=\"et_bloom_bottom_trigger\"><\/span>","protected":false},"excerpt":{"rendered":"<p>[et_pb_section fb_built=&#8221;1&#8243; fullwidth=&#8221;on&#8221; _builder_version=&#8221;4.9.4&#8243;][et_pb_fullwidth_header title=&#8221;Kor\u00e1bbi esem\u00e9nyek&#8221; text_orientation=&#8221;center&#8221; header_scroll_down=&#8221;on&#8221; scroll_down_icon=&#8221;%%1%%&#8221; background_overlay_color=&#8221;rgba(25,2,30,0.5)&#8221; content_max_width=&#8221;none&#8221; module_class=&#8221;et-waypoint et_pb_animation_bottom&#8221; _builder_version=&#8221;4.9.4&#8243; background_color=&#8221;#54b4b6&#8243; background_enable_image=&#8221;off&#8221; parallax=&#8221;on&#8221; parallax_method=&#8221;on&#8221; min_height=&#8221;40vh&#8221; hover_enabled=&#8221;0&#8243; custom_css_main_element=&#8221;display: flex&#8221; button_one_letter_spacing_hover=&#8221;0&#8243; button_two_letter_spacing_hover=&#8221;0&#8243; button_one_text_size__hover_enabled=&#8221;off&#8221; button_two_text_size__hover_enabled=&#8221;off&#8221; button_one_text_color__hover_enabled=&#8221;off&#8221; button_two_text_color__hover_enabled=&#8221;off&#8221; button_one_border_width__hover_enabled=&#8221;off&#8221; button_two_border_width__hover_enabled=&#8221;off&#8221; button_one_border_color__hover_enabled=&#8221;off&#8221; button_two_border_color__hover_enabled=&#8221;off&#8221; button_one_border_radius__hover_enabled=&#8221;off&#8221; button_two_border_radius__hover_enabled=&#8221;off&#8221; button_one_letter_spacing__hover_enabled=&#8221;on&#8221; button_one_letter_spacing__hover=&#8221;0&#8243; button_two_letter_spacing__hover_enabled=&#8221;on&#8221; button_two_letter_spacing__hover=&#8221;0&#8243; button_one_bg_color__hover_enabled=&#8221;off&#8221; button_two_bg_color__hover_enabled=&#8221;off&#8221; sticky_enabled=&#8221;0&#8243;][\/et_pb_fullwidth_header][\/et_pb_section][et_pb_section fb_built=&#8221;1&#8243; module_class=&#8221;gm-section&#8221; _builder_version=&#8221;3.22&#8243;][et_pb_row make_equal=&#8221;on&#8221; _builder_version=&#8221;4.9.4&#8243;][et_pb_column type=&#8221;4_4&#8243; _builder_version=&#8221;3.25&#8243; background_position=&#8221;top_left&#8221; custom_padding=&#8221;|||&#8221; custom_padding__hover=&#8221;|||&#8221;][et_pb_text _builder_version=&#8221;4.9.4&#8243; _module_preset=&#8221;default&#8221; hover_enabled=&#8221;0&#8243; sticky_enabled=&#8221;0&#8243;] [&hellip;]<\/p>\n","protected":false},"author":20,"featured_media":0,"parent":0,"menu_order":0,"comment_status":"closed","ping_status":"closed","template":"","meta":{"_et_pb_use_builder":"on","_et_pb_old_content":"","_et_gb_content_width":"","footnotes":""},"class_list":["post-5627","page","type-page","status-publish","hentry"],"_links":{"self":[{"href":"https:\/\/georganicmethod.com\/hu\/wp-json\/wp\/v2\/pages\/5627","targetHints":{"allow":["GET"]}}],"collection":[{"href":"https:\/\/georganicmethod.com\/hu\/wp-json\/wp\/v2\/pages"}],"about":[{"href":"https:\/\/georganicmethod.com\/hu\/wp-json\/wp\/v2\/types\/page"}],"author":[{"embeddable":true,"href":"https:\/\/georganicmethod.com\/hu\/wp-json\/wp\/v2\/users\/20"}],"replies":[{"embeddable":true,"href":"https:\/\/georganicmethod.com\/hu\/wp-json\/wp\/v2\/comments?post=5627"}],"version-history":[{"count":2,"href":"https:\/\/georganicmethod.com\/hu\/wp-json\/wp\/v2\/pages\/5627\/revisions"}],"predecessor-version":[{"id":5630,"href":"https:\/\/georganicmethod.com\/hu\/wp-json\/wp\/v2\/pages\/5627\/revisions\/5630"}],"wp:attachment":[{"href":"https:\/\/georganicmethod.com\/hu\/wp-json\/wp\/v2\/media?parent=5627"}],"curies":[{"name":"wp","href":"https:\/\/api.w.org\/{rel}","templated":true}]}}