{"id":773,"date":"2017-08-03T14:00:12","date_gmt":"2017-08-03T14:00:12","guid":{"rendered":"https:\/\/georganicmethod.com\/hu\/?page_id=773"},"modified":"2024-09-20T12:37:03","modified_gmt":"2024-09-20T12:37:03","slug":"rolam","status":"publish","type":"page","link":"https:\/\/georganicmethod.com\/hu\/rolam\/","title":{"rendered":"R\u00f3lam"},"content":{"rendered":"<p>[et_pb_section fb_built=&#8221;1&#8243; fullwidth=&#8221;on&#8221; disabled_on=&#8221;off|off|off&#8221; admin_label=&#8221;Szakasz&#8221; _builder_version=&#8221;4.9.4&#8243; background_enable_color=&#8221;off&#8221; background_enable_image=&#8221;off&#8221;][et_pb_fullwidth_header title=&#8221;Bar\u00e1th Georgina&#8221; text_orientation=&#8221;center&#8221; header_fullscreen=&#8221;on&#8221; header_scroll_down=&#8221;on&#8221; scroll_down_icon=&#8221;%%1%%&#8221; background_overlay_color=&#8221;rgba(25,2,30,0.5)&#8221; content_max_width=&#8221;none&#8221; admin_label=&#8221;Teljes sz\u00e9less\u00e9g\u0171 fejl\u00e9c&#8221; module_class=&#8221;et-waypoint et_pb_animation_bottom&#8221; _builder_version=&#8221;4.9.4&#8243; background_color=&#8221;rgba(255, 255, 255, 0)&#8221; background_image=&#8221;https:\/\/georganicmethod.com\/hu\/wp-content\/uploads\/2022\/10\/georganic-method-01-w.jpg&#8221; parallax=&#8221;on&#8221; parallax_method=&#8221;on&#8221; button_one_letter_spacing_hover=&#8221;0&#8243; button_two_letter_spacing_hover=&#8221;0&#8243; button_one_text_size__hover_enabled=&#8221;off&#8221; button_two_text_size__hover_enabled=&#8221;off&#8221; button_one_text_color__hover_enabled=&#8221;off&#8221; button_two_text_color__hover_enabled=&#8221;off&#8221; button_one_border_width__hover_enabled=&#8221;off&#8221; button_two_border_width__hover_enabled=&#8221;off&#8221; button_one_border_color__hover_enabled=&#8221;off&#8221; button_two_border_color__hover_enabled=&#8221;off&#8221; button_one_border_radius__hover_enabled=&#8221;off&#8221; button_two_border_radius__hover_enabled=&#8221;off&#8221; button_one_letter_spacing__hover_enabled=&#8221;on&#8221; button_one_letter_spacing__hover=&#8221;0&#8243; button_two_letter_spacing__hover_enabled=&#8221;on&#8221; button_two_letter_spacing__hover=&#8221;0&#8243; button_one_bg_color__hover_enabled=&#8221;off&#8221; button_two_bg_color__hover_enabled=&#8221;off&#8221;][\/et_pb_fullwidth_header][\/et_pb_section][et_pb_section fb_built=&#8221;1&#8243; _builder_version=&#8221;4.9.4&#8243; _module_preset=&#8221;default&#8221; custom_padding=&#8221;||0px|||&#8221;][et_pb_row _builder_version=&#8221;4.9.4&#8243; _module_preset=&#8221;default&#8221;][et_pb_column type=&#8221;4_4&#8243; _builder_version=&#8221;4.9.4&#8243; _module_preset=&#8221;default&#8221;][et_pb_text _builder_version=&#8221;4.9.4&#8243; _module_preset=&#8221;default&#8221; text_font_size=&#8221;22px&#8221; text_line_height=&#8221;1.8em&#8221; hover_enabled=&#8221;0&#8243; sticky_enabled=&#8221;0&#8243;]<\/p>\n<p style=\"text-align: center;\"><strong>Mesterfokozat Sporttudom\u00e1nyi ter\u00fcleten | Holisztikus \u00e9letm\u00f3d szakember | Okleveles aromaterapeuta | Tagja az IFA Nemzetk\u00f6zi Aromaterapeut\u00e1k Sz\u00f6vets\u00e9g\u00e9nek | Term\u00e9szetgy\u00f3gy\u00e1sz-Fitoterapeuta szakvizsg\u00e1ra k\u00e9sz\u00fcl | Alkalmazott asztrol\u00f3gia hallgat\u00f3<\/strong><\/p>\n<p>[\/et_pb_text][\/et_pb_column][\/et_pb_row][\/et_pb_section][et_pb_section fb_built=&#8221;1&#8243; module_class=&#8221;gm-section&#8221; _builder_version=&#8221;3.22&#8243;][et_pb_row column_structure=&#8221;1_2,1_2&#8243; make_equal=&#8221;on&#8221; module_class=&#8221;gm-row&#8221; _builder_version=&#8221;3.25&#8243;][et_pb_column type=&#8221;1_2&#8243; _builder_version=&#8221;3.25&#8243; background_position=&#8221;top_left&#8221; custom_padding=&#8221;|||&#8221; custom_padding__hover=&#8221;|||&#8221;][et_pb_image src=&#8221;https:\/\/georganicmethod.com\/hu\/wp-content\/uploads\/2022\/10\/georgina-scaled.jpg&#8221; title_text=&#8221;georgina&#8221; show_bottom_space=&#8221;off&#8221; align_tablet=&#8221;center&#8221; align_phone=&#8221;&#8221; align_last_edited=&#8221;on|desktop&#8221; disabled_on=&#8221;on|on|&#8221; admin_label=&#8221;gina (k\u00e9p)&#8221; _builder_version=&#8221;4.9.4&#8243; animation_style=&#8221;slide&#8221; animation_direction=&#8221;left&#8221; animation_duration=&#8221;500ms&#8221; animation_intensity_slide=&#8221;10%&#8221; border_style=&#8221;solid&#8221; sticky=&#8221;on&#8221; always_center_on_mobile=&#8221;on&#8221;][\/et_pb_image][\/et_pb_column][et_pb_column type=&#8221;1_2&#8243; _builder_version=&#8221;3.25&#8243; background_position=&#8221;top_left&#8221; custom_padding=&#8221;|||&#8221; custom_padding__hover=&#8221;|||&#8221;][et_pb_text admin_label=&#8221;bemutatkoz\u00e1s (sz\u00f6veg)&#8221; module_class=&#8221;section-title gm-vertical-center-text et-waypoint et_pb_animation_bottom&#8221; _builder_version=&#8221;4.9.4&#8243; border_style=&#8221;solid&#8221;]<\/p>\n<h2>Georgin\u00e1r\u00f3l<\/h2>\n<p>Georgin\u00e1ban m\u00e1r gyerekkor\u00e1ban megfogalmaz\u00f3dott hitvall\u00e1sa: \u201eNem gy\u00f3gy\u00edtani szeretn\u00e9k, hanem megel\u0151zni a betegs\u00e9geket.\u201d \u00cdgy a sz\u00fcl\u0151i nyom\u00e1s ellen\u00e9re nem az orvosi p\u00e1ly\u00e1t v\u00e1lasztotta, hanem a Semmelweis Egyetem Testnevel\u00e9si \u00e9s Sporttudom\u00e1nyi Kar\u00e1n szerzett BSc Testnevel\u0151-aerobik edz\u0151, majd MSc Hum\u00e1nkinezilol\u00f3gus diplom\u00e1t terhel\u00e9s\u00e9lettan szakir\u00e1nyon.<\/p>\n<p>Karrierje az egyetemi \u00e9vek alatt indult pilates oktat\u00f3k\u00e9nt \u00e9s szem\u00e9lyi edz\u0151k\u00e9nt, majd a mesterfokozat megszerz\u00e9se ut\u00e1n Londonban folytatta edz\u0151i tev\u00e9kenys\u00e9g\u00e9t. A k\u00f6nny\u0171nek legkev\u00e9sb\u00e9 sem nevezhet\u0151 rangl\u00e9tr\u00e1t v\u00e9gigj\u00e1rta a kisebb st\u00fadi\u00f3kkal kezdve, a n\u00edv\u00f3sabb edz\u0151termeken \u00e1t, az \u00f6tcsillagos Jumeirah Carlton Tower Hotelben megszerzett elismer\u00e9sig.<\/p>\n<p>Hazak\u00f6lt\u00f6zve a Marriott Hotel, Matild Palace, Kempinski \u00e9s Aria Hotel edz\u0151termeinek edz\u0151je lett.<\/p>\n<p>Georgina folyamatos \u00e9rdekl\u0151d\u00e9se a holisztikuss\u00e1g ir\u00e1nt \u00e9s a term\u00e9szet ir\u00e1nti szerete elvezette \u0151t Adrienne Feller \u00e1ltal vezetett Panarom aromaterapeuta int\u00e9zetbe, ahol 2021-ben okleveles aromaterapeuta lett. Emelett term\u00e9szetgy\u00f3gy\u00e1sznak is tanul \u00e9s mindent megtesz, hogy klienseinek a legjobb term\u00e9keket \u00e9s m\u00f3dszereket aj\u00e1nlhassa.<\/p>\n<p>Magas szaktud\u00e1s\u00e1ra \u00e9s tapasztalataira alapozva megalkotta a Georganic Method-ot, amely holisztikus szeml\u00e9lettel \u00e9s saj\u00e1tos m\u00f3dszerrel \u00e9r el kimagasl\u00f3 eredm\u00e9nyeket.<\/p>\n<p>[\/et_pb_text][\/et_pb_column][\/et_pb_row][\/et_pb_section][et_pb_section fb_built=&#8221;1&#8243; module_class=&#8221;gm-cta-section&#8221; _builder_version=&#8221;4.9.4&#8243; background_image=&#8221;https:\/\/georganicmethod.com\/hu\/wp-content\/uploads\/2022\/10\/VCS_BG_m_007.jpg&#8221; parallax=&#8221;on&#8221;][et_pb_row column_structure=&#8221;2_3,1_3&#8243; module_class=&#8221;gm-row gm-cta-row&#8221; _builder_version=&#8221;3.25&#8243;][et_pb_column type=&#8221;2_3&#8243; _builder_version=&#8221;3.25&#8243; background_position=&#8221;top_left&#8221; custom_padding=&#8221;|||&#8221; custom_padding__hover=&#8221;|||&#8221;][et_pb_text admin_label=&#8221;cta (c\u00edm)&#8221; module_class=&#8221;light-title gm-cta-title et-waypoint et_pb_animation_bottom&#8221; _builder_version=&#8221;3.27.4&#8243; border_style=&#8221;solid&#8221;]<\/p>\n<h2>Szeretn\u00e9l form\u00e1ba j\u00f6nni?<\/h2>\n<p>[\/et_pb_text][\/et_pb_column][et_pb_column type=&#8221;1_3&#8243; _builder_version=&#8221;3.25&#8243; background_position=&#8221;top_left&#8221; custom_padding=&#8221;|||&#8221; custom_padding__hover=&#8221;|||&#8221;][et_pb_button button_url=&#8221;https:\/\/georganicmethod.com\/hu\/eletmod-atalakitas\/&#8221; button_text=&#8221;Kezdd el most&#8221; button_alignment=&#8221;center&#8221; admin_label=&#8221;cta button&#8221; module_class=&#8221;cta-button et-waypoint et_pb_animation_bottom&#8221; _builder_version=&#8221;4.9.4&#8243; button_text_size_tablet=&#8221;20&#8243; button_text_size_phone=&#8221;20&#8243; button_letter_spacing_tablet=&#8221;0&#8243; button_letter_spacing_phone=&#8221;0&#8243; button_border_radius_hover=&#8221;3&#8243; button_letter_spacing_hover=&#8221;0&#8243; global_module=&#8221;2309&#8243; saved_tabs=&#8221;all&#8221; global_colors_info=&#8221;{}&#8221; button_text_size__hover_enabled=&#8221;off&#8221; button_one_text_size__hover_enabled=&#8221;off&#8221; button_two_text_size__hover_enabled=&#8221;off&#8221; button_text_color__hover_enabled=&#8221;off&#8221; button_one_text_color__hover_enabled=&#8221;off&#8221; button_two_text_color__hover_enabled=&#8221;off&#8221; button_border_width__hover_enabled=&#8221;off&#8221; button_one_border_width__hover_enabled=&#8221;off&#8221; button_two_border_width__hover_enabled=&#8221;off&#8221; button_border_color__hover_enabled=&#8221;off&#8221; button_one_border_color__hover_enabled=&#8221;off&#8221; button_two_border_color__hover_enabled=&#8221;off&#8221; button_border_radius__hover_enabled=&#8221;on&#8221; button_border_radius__hover=&#8221;3&#8243; button_one_border_radius__hover_enabled=&#8221;off&#8221; button_two_border_radius__hover_enabled=&#8221;off&#8221; button_letter_spacing__hover_enabled=&#8221;on&#8221; button_letter_spacing__hover=&#8221;0&#8243; button_one_letter_spacing__hover_enabled=&#8221;off&#8221; button_two_letter_spacing__hover_enabled=&#8221;off&#8221; button_bg_color__hover_enabled=&#8221;off&#8221; button_one_bg_color__hover_enabled=&#8221;off&#8221; button_two_bg_color__hover_enabled=&#8221;off&#8221;][\/et_pb_button][\/et_pb_column][\/et_pb_row][\/et_pb_section][et_pb_section fb_built=&#8221;1&#8243; module_class=&#8221;gm-section&#8221; _builder_version=&#8221;3.22&#8243;][et_pb_row column_structure=&#8221;1_2,1_2&#8243; make_equal=&#8221;on&#8221; module_class=&#8221;gm-row&#8221; _builder_version=&#8221;3.25&#8243;][et_pb_column type=&#8221;1_2&#8243; _builder_version=&#8221;3.25&#8243; background_position=&#8221;top_left&#8221; custom_padding=&#8221;|||&#8221; custom_padding__hover=&#8221;|||&#8221;][et_pb_text admin_label=&#8221;a m\u00f3dszerr\u0151l (sz\u00f6veg)&#8221; module_class=&#8221;section-title gm-vertical-center-text et-waypoint et_pb_animation_bottom&#8221; _builder_version=&#8221;3.27.4&#8243; border_style=&#8221;solid&#8221;]<\/p>\n<h2>A m\u00f3dszerr\u0151l<\/h2>\n<p>Georgina edz\u0151i h\u00e1ttere \u00e9s tapasztalata, valamint term\u00e9szetes szem\u00e9lyis\u00e9ge adta az alapot ahhoz, hogy megalkossa egyedi programj\u00e1t. A natur\u00e1lis elveken alapul\u00f3 m\u00f3dszer kiugr\u00f3 eredm\u00e9nyeket \u00e9rt el kliensein\u00e9l.<\/p>\n<p>Nincsenek tr\u00fckk\u00f6k, csak term\u00e9szetes edz\u00e9s \u00e9s t\u00e1pl\u00e1lkoz\u00e1s. Alapvet\u0151 edz\u00e9sm\u00f3dszereket \u00e9s t\u00f6rv\u00e9nyszer\u0171s\u00e9geket haszn\u00e1l, nem a trendeknek \u00e9l. Az id\u0151t nem lehet ler\u00f6vid\u00edteni, munka n\u00e9lk\u00fcl nem lehet eredm\u00e9nyt el\u00e9rni, fokozatoss\u00e1g n\u00e9lk\u00fcl nem lehet eg\u00e9szs\u00e9gesen fejl\u0151dni. A s\u00e9r\u00fcl\u00e9sek elker\u00fcl\u00e9se v\u00e9gett bizonyos folyamatokon kereszt\u00fcl kell menned, hogy er\u0151sebb, koordin\u00e1ltabb \u00e9s eg\u00e9szs\u00e9gesebb legy\u00e9l. Erre ad neked megold\u00e1st a Georganic m\u00f3dszer.<\/p>\n<p>A Georganic Method egy komplex m\u00f3dszer ahol a csomagodhoz edz\u00e9s-, t\u00e1pl\u00e1lkoz\u00e1si- \u00e9s \u00e9letm\u00f3d tervet is kapsz. M\u00e9lyrehat\u00f3 anamn\u00e9zis ut\u00e1n Georgina elemzi \u00e9s saj\u00e1t kez\u0171leg k\u00e9sz\u00edti el szem\u00e9lyre szabott programodat.<br \/>\n[\/et_pb_text][\/et_pb_column][et_pb_column type=&#8221;1_2&#8243; _builder_version=&#8221;3.25&#8243; background_position=&#8221;top_left&#8221; custom_padding=&#8221;|||&#8221; custom_padding__hover=&#8221;|||&#8221;][et_pb_image src=&#8221;https:\/\/georganicmethod.com\/hu\/wp-content\/uploads\/2022\/10\/VCS_BG_m_009.jpg&#8221; title_text=&#8221;VCS_BG_m_009&#8243; show_bottom_space=&#8221;off&#8221; align_tablet=&#8221;center&#8221; align_phone=&#8221;&#8221; align_last_edited=&#8221;on|desktop&#8221; disabled_on=&#8221;on|on|&#8221; admin_label=&#8221;gina (k\u00e9p)&#8221; _builder_version=&#8221;4.9.4&#8243; animation_style=&#8221;slide&#8221; animation_direction=&#8221;right&#8221; animation_duration=&#8221;500ms&#8221; animation_intensity_slide=&#8221;10%&#8221; border_style=&#8221;solid&#8221; animation=&#8221;right&#8221; sticky=&#8221;on&#8221; always_center_on_mobile=&#8221;on&#8221;][\/et_pb_image][\/et_pb_column][\/et_pb_row][\/et_pb_section][et_pb_section fb_built=&#8221;1&#8243; module_class=&#8221;gm-testimonials-section gm-section&#8221; _builder_version=&#8221;3.22&#8243;][et_pb_row module_class=&#8221;gm-row small-container&#8221; _builder_version=&#8221;3.25&#8243;][et_pb_column type=&#8221;4_4&#8243; _builder_version=&#8221;3.25&#8243; background_position=&#8221;top_left&#8221; custom_padding=&#8221;|||&#8221; custom_padding__hover=&#8221;|||&#8221;][et_pb_testimonial author=&#8221;Susan Londonb\u00f3l&#8221; url=&#8221;https:\/\/georganicmethod.com\/hu\/szemelyi-edzes\/&#8221; admin_label=&#8221;aj\u00e1nl\u00e1s&#8221; module_class=&#8221;et-waypoint et_pb_animation_bottom&#8221; _builder_version=&#8221;3.2&#8243; use_background_color=&#8221;off&#8221; text_orientation=&#8221;center&#8221; background_layout=&#8221;dark&#8221; border_style=&#8221;solid&#8221;]Sok szem\u00e9lyi edz\u0151m volt, de Georgina messze a legjobb.<br \/>\n[\/et_pb_testimonial][\/et_pb_column][\/et_pb_row][\/et_pb_section]<\/p>\n<span class=\"et_bloom_bottom_trigger\"><\/span>","protected":false},"excerpt":{"rendered":"<p>[et_pb_section fb_built=&#8221;1&#8243; fullwidth=&#8221;on&#8221; disabled_on=&#8221;off|off|off&#8221; admin_label=&#8221;Szakasz&#8221; _builder_version=&#8221;4.9.4&#8243; background_enable_color=&#8221;off&#8221; background_enable_image=&#8221;off&#8221;][et_pb_fullwidth_header title=&#8221;Bar\u00e1th Georgina&#8221; text_orientation=&#8221;center&#8221; header_fullscreen=&#8221;on&#8221; header_scroll_down=&#8221;on&#8221; scroll_down_icon=&#8221;%%1%%&#8221; background_overlay_color=&#8221;rgba(25,2,30,0.5)&#8221; content_max_width=&#8221;none&#8221; admin_label=&#8221;Teljes sz\u00e9less\u00e9g\u0171 fejl\u00e9c&#8221; module_class=&#8221;et-waypoint et_pb_animation_bottom&#8221; _builder_version=&#8221;4.9.4&#8243; background_color=&#8221;rgba(255, 255, 255, 0)&#8221; background_image=&#8221;https:\/\/georganicmethod.com\/hu\/wp-content\/uploads\/2022\/10\/georganic-method-01-w.jpg&#8221; parallax=&#8221;on&#8221; parallax_method=&#8221;on&#8221; button_one_letter_spacing_hover=&#8221;0&#8243; button_two_letter_spacing_hover=&#8221;0&#8243; button_one_text_size__hover_enabled=&#8221;off&#8221; button_two_text_size__hover_enabled=&#8221;off&#8221; button_one_text_color__hover_enabled=&#8221;off&#8221; button_two_text_color__hover_enabled=&#8221;off&#8221; button_one_border_width__hover_enabled=&#8221;off&#8221; button_two_border_width__hover_enabled=&#8221;off&#8221; button_one_border_color__hover_enabled=&#8221;off&#8221; button_two_border_color__hover_enabled=&#8221;off&#8221; button_one_border_radius__hover_enabled=&#8221;off&#8221; button_two_border_radius__hover_enabled=&#8221;off&#8221; button_one_letter_spacing__hover_enabled=&#8221;on&#8221; button_one_letter_spacing__hover=&#8221;0&#8243; button_two_letter_spacing__hover_enabled=&#8221;on&#8221; button_two_letter_spacing__hover=&#8221;0&#8243; button_one_bg_color__hover_enabled=&#8221;off&#8221; button_two_bg_color__hover_enabled=&#8221;off&#8221;][\/et_pb_fullwidth_header][\/et_pb_section][et_pb_section fb_built=&#8221;1&#8243; _builder_version=&#8221;4.9.4&#8243; _module_preset=&#8221;default&#8221; custom_padding=&#8221;||0px|||&#8221;][et_pb_row _builder_version=&#8221;4.9.4&#8243; _module_preset=&#8221;default&#8221;][et_pb_column type=&#8221;4_4&#8243; _builder_version=&#8221;4.9.4&#8243; [&hellip;]<\/p>\n","protected":false},"author":1,"featured_media":0,"parent":0,"menu_order":0,"comment_status":"closed","ping_status":"closed","template":"","meta":{"_et_pb_use_builder":"on","_et_pb_old_content":"","_et_gb_content_width":"","footnotes":""},"class_list":["post-773","page","type-page","status-publish","hentry"],"_links":{"self":[{"href":"https:\/\/georganicmethod.com\/hu\/wp-json\/wp\/v2\/pages\/773","targetHints":{"allow":["GET"]}}],"collection":[{"href":"https:\/\/georganicmethod.com\/hu\/wp-json\/wp\/v2\/pages"}],"about":[{"href":"https:\/\/georganicmethod.com\/hu\/wp-json\/wp\/v2\/types\/page"}],"author":[{"embeddable":true,"href":"https:\/\/georganicmethod.com\/hu\/wp-json\/wp\/v2\/users\/1"}],"replies":[{"embeddable":true,"href":"https:\/\/georganicmethod.com\/hu\/wp-json\/wp\/v2\/comments?post=773"}],"version-history":[{"count":61,"href":"https:\/\/georganicmethod.com\/hu\/wp-json\/wp\/v2\/pages\/773\/revisions"}],"predecessor-version":[{"id":5455,"href":"https:\/\/georganicmethod.com\/hu\/wp-json\/wp\/v2\/pages\/773\/revisions\/5455"}],"wp:attachment":[{"href":"https:\/\/georganicmethod.com\/hu\/wp-json\/wp\/v2\/media?parent=773"}],"curies":[{"name":"wp","href":"https:\/\/api.w.org\/{rel}","templated":true}]}}